{"id":453,"date":"2023-04-13T07:23:42","date_gmt":"2023-04-13T05:23:42","guid":{"rendered":"https:\/\/consperth.esteri.it\/?page_id=453"},"modified":"2025-07-10T15:24:26","modified_gmt":"2025-07-10T07:24:26","slug":"dichiarazioni-di-valore","status":"publish","type":"page","link":"https:\/\/consperth.esteri.it\/it\/servizi-consolari-e-visti\/servizi-per-il-cittadino-italiano\/studio\/dichiarazioni-di-valore\/","title":{"rendered":"Dichiarazione di valore"},"content":{"rendered":"<div>\n<p>I titoli di studio conseguiti all&#8217;estero non sono automaticamente riconosciuti in Italia, in quanto dev&#8217;essere prima accertata la loro equivalenza rispetto agli analoghi titoli del medesimo livello rilasciati in Italia (es. Diploma di Scuola Media, Diploma di Scuola Superiore, Diploma di Laurea, ecc.).<\/p>\n<p>Chiunque intendesse ottenere l&#8217;equivalenza di titoli conseguiti presso istituzioni scolastiche o accademiche (solo se accreditate e ubicate in<strong> Australia Occidentale<\/strong>) rispetto ad analoghi titoli rilasciati in Italia, ovvero iscriversi a un&#8217;universit\u00e0 in Italia sulla base di siffatti titoli, deve prima ottenere un documento denominato &#8220;<strong>dichiarazione di valore in loco<\/strong>&#8221; (DVL), con specifico riferimento ai titoli conseguiti.<\/p>\n<p>In caso di iscrizione universitaria, si raccomanda agli interessati di contattare preliminarmente l\u2019ateneo in questione per informarsi in merito agli specifici requisiti da possedere per ottenere l&#8217;iscrizione.<\/p>\n<p>La DVL <strong>non<\/strong> \u00e8 un riconoscimento vero e proprio, ma \u00e8 propedeutica per il successivo ottenimento del predetto mediante richiesta di <strong>equipollenza<\/strong>, operazione effettuabile esclusivamente rivolgendosi al MIUR, in Italia.<\/p>\n<p>Per richiedere una DVL, gli interessati devono inviare una email all&#8217;indirizzo di posta elettronica perth.notarile@esteri.it contenente quanto specificato, secondo il caso, nel <a href=\"https:\/\/consperth.esteri.it\/wp-content\/uploads\/2025\/07\/Modello-di-richiesta-di-DVL-con-istruzioni-09-07-2025.pdf\" target=\"_blank\" rel=\"noopener\"><strong>formulario infor<\/strong><strong>mativo<\/strong><\/a>, da visionare attentamente e compilare con cura;<\/p>\n<\/div>\n<p><strong>TEMPISTICHE:<\/strong><\/p>\n<p>ai fini del corretto esito del procedimento, informiamo tutti gli interessati che il tempo minimo di lavorazione \u00e8 di <strong><span style=\"text-decoration: underline;\">almeno un mese<\/span><\/strong>.<\/p>\n<div>\n<p><strong>ATTENZIONE<\/strong>!<\/p>\n<p>Per poter predisporre la DVL \u00e8 indispensabile <strong>anticipare elettronicamente<\/strong> i 4 documenti citati, come sopra descritto. Detta anticipazione \u00e8 solo a scopo di verifica e di avvio dell&#8217;istruttoria. Il giorno stabilito, la dichiarazione verr\u00e0 consegnata (al richiedente o suo incaricato munito di delega datata e firmata e copia di documento d&#8217;identit\u00e0 del richiedente), ovvero spedita (con spese a carico del richiedente), <strong>solo previa esibizione di tutti i documenti elencati, esclusivamente in versione originale.<\/strong><\/p>\n<p>Il costo di questo servizio \u00e8 correlato alla destinazione del documento e al numero di traduzioni da certificare. Il nostro tariffario aggiornato \u00e8 disponibile cliccando <a href=\"https:\/\/consperth.esteri.it\/it\/servizi-consolari-e-visti\/servizi-per-il-cittadino-straniero\/tariffario\/\" target=\"_blank\" rel=\"noopener\"><strong>QUI<\/strong><\/a>.<\/p>\n<p>Ulteriori informazioni sono disponibili nel citato <a href=\"https:\/\/consperth.esteri.it\/wp-content\/uploads\/2025\/07\/Modello-di-richiesta-di-DVL-con-istruzioni-09-07-2025.pdf\" target=\"_blank\" rel=\"noopener\"><strong>formulario informativo<\/strong><\/a>.<\/p>\n<\/div>\n","protected":false},"excerpt":{"rendered":"I titoli di studio conseguiti all&#8217;estero non sono automaticamente riconosciuti in Italia, in quanto dev&#8217;essere prima accertata la loro equivalenza rispetto agli analoghi titoli del medesimo livello rilasciati in Italia (es. Diploma di Scuola Media, Diploma di Scuola Superiore, Diploma di Laurea, ecc.). Chiunque intendesse ottenere l&#8217;equivalenza di titoli conseguiti presso istituzioni scolastiche o accademiche [&hellip;]","protected":false},"author":5,"featured_media":0,"parent":451,"menu_order":1,"comment_status":"closed","ping_status":"closed","template":"","meta":{"footnotes":""},"class_list":["post-453","page","type-page","status-publish","hentry"],"_links":{"self":[{"href":"https:\/\/consperth.esteri.it\/it\/wp-json\/wp\/v2\/pages\/453","targetHints":{"allow":["GET"]}}],"collection":[{"href":"https:\/\/consperth.esteri.it\/it\/wp-json\/wp\/v2\/pages"}],"about":[{"href":"https:\/\/consperth.esteri.it\/it\/wp-json\/wp\/v2\/types\/page"}],"author":[{"embeddable":true,"href":"https:\/\/consperth.esteri.it\/it\/wp-json\/wp\/v2\/users\/5"}],"replies":[{"embeddable":true,"href":"https:\/\/consperth.esteri.it\/it\/wp-json\/wp\/v2\/comments?post=453"}],"version-history":[{"count":7,"href":"https:\/\/consperth.esteri.it\/it\/wp-json\/wp\/v2\/pages\/453\/revisions"}],"predecessor-version":[{"id":3946,"href":"https:\/\/consperth.esteri.it\/it\/wp-json\/wp\/v2\/pages\/453\/revisions\/3946"}],"up":[{"embeddable":true,"href":"https:\/\/consperth.esteri.it\/it\/wp-json\/wp\/v2\/pages\/451"}],"wp:attachment":[{"href":"https:\/\/consperth.esteri.it\/it\/wp-json\/wp\/v2\/media?parent=453"}],"curies":[{"name":"wp","href":"https:\/\/api.w.org\/{rel}","templated":true}]}}