{"id":45,"date":"2023-03-06T18:59:41","date_gmt":"2023-03-06T17:59:41","guid":{"rendered":"https:\/\/consperth.esteri.it\/?page_id=45"},"modified":"2026-02-10T15:31:34","modified_gmt":"2026-02-10T07:31:34","slug":"diplomazia-culturale","status":"publish","type":"page","link":"https:\/\/consperth.esteri.it\/it\/italia-e-australia\/diplomazia-culturale\/","title":{"rendered":"Diplomazia culturale"},"content":{"rendered":"<p>L\u2019 attivit\u00e0 nel settore culturale \u00e8 regolata dall\u2019accordo bilaterale firmato a Roma l\u20198 gennaio 1975 e dai successivi programmi esecutivi. Per informazioni generali, si prega di consultare la <a href=\"https:\/\/ambcanberra.esteri.it\/it\/italia-e-australia\/diplomazia-culturale\/\">relativa pagina dell&#8217;Ambasciata d&#8217;Italia a Canberra<\/a>.<\/p>\n<p>&nbsp;<\/p>\n<p>Fra i compiti del Consolato vi \u00e8 anche quello di promuovere la cultura e la lingua italiana in Western Australia al fine di rafforzare le nostre relazioni bilaterali e favorire efficaci scambi multiculturali.<\/p>\n<p>Ci\u00f2 viene realizzato mediante l&#8217;organizzazione di <strong>eventi culturali<\/strong> e altre iniziative di promozione integrata lungo gli assi definiti dal Ministero degli Affari Esteri e della Cooperazione Internazionale. Alcune rassegne proposte annualmente riguardano il design, il cinema, la musica, la lingua, l&#8217;arte contemporanea e la gastronomia.<\/p>\n<p>L&#8217;<a href=\"https:\/\/iicmelbourne.esteri.it\">Istituto di Cultura di Melbourne<\/a> ha competenza sulla circoscrizione del Western Australia. Altri soggetti attivi in loco sono l&#8217;Italo-Australian Welfare and Cultural Centre e la <a href=\"https:\/\/www.dantewa.com.au\/\">Dante Alighieri Society<\/a>.<\/p>\n<p>&nbsp;<\/p>\n<p>Parimenti importante \u00e8 la diffusione della <strong>lingua italiana<\/strong> in ogni contesto locale, dall&#8217;asilo all&#8217;universit\u00e0. Stando ai dati raccolti nel 2022, vi erano circa 60.000 studenti di lingua italiana in tutto lo Stato.<\/p>\n<p>Il Ministero degli Affari Esteri e della Cooperazione Internazionale mette a disposizione ogni anno contributi per l&#8217;insegnamento dell&#8217;italiano e per l&#8217;acquisto di materiale didattico, nonch\u00e9 premi e contributi per traduzioni di opere italiane in lingua straniera. I relativi bandi vengono pubblicati nella sezione <em>Notizie<\/em> di questo sito.<\/p>\n<p>I soggetti attivi nella diffusione della lingua italiana, in collaborazione con il Consolato, sono l&#8217;Italo-Australian Welfare and Cultural Centre, la <a href=\"https:\/\/www.waati.com.au\">Western Australia Association of the Teachers of Italian<\/a>, la <a href=\"https:\/\/www.uwa.edu.au\/\">University of Western Australia<\/a> (ove opera un lettore inviato dall&#8217;Italia) e la <a href=\"https:\/\/www.dantewa.com.au\/\">Dante Alighieri Society<\/a>.<\/p>\n<p>Tutte le informazioni sulle attivit\u00e0 sopra menzionate, nonch\u00e9 sulla cultura, lingua e creativit\u00e0 italiana nel mondo sono disponibili sul portale <a href=\"https:\/\/italiana.esteri.it\/italiana\/\"><strong>ITALIANA<\/strong><\/a>.<\/p>\n","protected":false},"excerpt":{"rendered":"L\u2019 attivit\u00e0 nel settore culturale \u00e8 regolata dall\u2019accordo bilaterale firmato a Roma l\u20198 gennaio 1975 e dai successivi programmi esecutivi. Per informazioni generali, si prega di consultare la relativa pagina dell&#8217;Ambasciata d&#8217;Italia a Canberra. &nbsp; Fra i compiti del Consolato vi \u00e8 anche quello di promuovere la cultura e la lingua italiana in Western Australia [&hellip;]","protected":false},"author":1,"featured_media":0,"parent":11,"menu_order":2,"comment_status":"closed","ping_status":"closed","template":"","meta":{"footnotes":""},"class_list":["post-45","page","type-page","status-publish","hentry"],"_links":{"self":[{"href":"https:\/\/consperth.esteri.it\/it\/wp-json\/wp\/v2\/pages\/45","targetHints":{"allow":["GET"]}}],"collection":[{"href":"https:\/\/consperth.esteri.it\/it\/wp-json\/wp\/v2\/pages"}],"about":[{"href":"https:\/\/consperth.esteri.it\/it\/wp-json\/wp\/v2\/types\/page"}],"author":[{"embeddable":true,"href":"https:\/\/consperth.esteri.it\/it\/wp-json\/wp\/v2\/users\/1"}],"replies":[{"embeddable":true,"href":"https:\/\/consperth.esteri.it\/it\/wp-json\/wp\/v2\/comments?post=45"}],"version-history":[{"count":4,"href":"https:\/\/consperth.esteri.it\/it\/wp-json\/wp\/v2\/pages\/45\/revisions"}],"predecessor-version":[{"id":4766,"href":"https:\/\/consperth.esteri.it\/it\/wp-json\/wp\/v2\/pages\/45\/revisions\/4766"}],"up":[{"embeddable":true,"href":"https:\/\/consperth.esteri.it\/it\/wp-json\/wp\/v2\/pages\/11"}],"wp:attachment":[{"href":"https:\/\/consperth.esteri.it\/it\/wp-json\/wp\/v2\/media?parent=45"}],"curies":[{"name":"wp","href":"https:\/\/api.w.org\/{rel}","templated":true}]}}