{"id":4339,"date":"2025-11-20T12:48:50","date_gmt":"2025-11-20T04:48:50","guid":{"rendered":"https:\/\/consperth.esteri.it\/?page_id=4339"},"modified":"2026-03-12T14:57:22","modified_gmt":"2026-03-12T06:57:22","slug":"dichiarazione-di-acquisto-di-cittadinanza-per-beneficio-di-legge-2","status":"publish","type":"page","link":"https:\/\/consperth.esteri.it\/it\/servizi-consolari-e-visti\/servizi-per-il-cittadino-italiano\/stato-civile\/nascita\/dichiarazione-di-acquisto-di-cittadinanza-per-beneficio-di-legge-2\/","title":{"rendered":"Dichiarazione di acquisto di cittadinanza per beneficio di legge"},"content":{"rendered":"<div class=\"entry-content\">\n<header class=\"entry-header\"><!--\n\n\n<p class=\"entry-title h4\">\n--><\/p>\n<p style=\"text-align: justify;\">La dichiarazione di acquisto di <strong><span style=\"color: #0000ff;\">cittadinanza per <strong>b<\/strong>eneficio di legge in favore di minori nati all&#8217;estero pu\u00f2 essere presentata entro il terzo anno dalla nascita.<\/span><\/strong><\/p>\n<p style=\"text-align: justify;\">La dichiarazione di acquisto si effettua presentandosi <strong>di persona in Consolato<\/strong>,\u00a0<strong>anticipando<\/strong><strong>\u00a0<\/strong>tutta la documentazione scansionata e completa a\u00a0<a href=\"mailto:perth.consolato@esteri.it\"><strong>perth.consolato@esteri.it<\/strong><\/a>. L\u2019operatore, una volta controllata la documentazione, convochera entro pochi giorni via email i richiedenti\u00a0<strong>il marted\u00ec e il gioved\u00ec fra le 09:00 e le 12:00<\/strong>. Non \u00e8 dunque necessario prendere alcun appuntamento, ma solo inviare una email \u2013 allegando copia della documentazione e il modulo \u2013 a\u00a0<a href=\"mailto:perth.consolato@esteri.it\"><strong>perth.consolato@esteri.it.\u00a0<\/strong><\/a><\/p>\n<\/header>\n<div class=\"entry-content\">\n<p>Sar\u00e0 necessario fornire i seguenti documenti:<\/p>\n<ol>\n<li>la richiesta di trascrizione della nascita di minore (che verr\u00e0 predisposta e successivamente sottoscritta in Consolato);<\/li>\n<li>l\u2019atto di nascita originale, emesso dal \u201cRegistry of Births, Deaths and Marriages\u201c, legalizzato per mezzo di <em>apostille<\/em> (rilasciata dal \u201c<a href=\"https:\/\/www.smartraveller.gov.au\/consular-services\/notarial-services\/documents-in-australia\">Department of Foreign Affairs and Trade<\/a>\u201c);<\/li>\n<li>la traduzione in lingua italiana dell\u2019atto di nascita, effettuata da un traduttore ufficiale NAATI o autonomamente. Nel caso si optasse per la traduzione in autonomia, si fa presente che essa dovr\u00e0 essere totalmente conforme al testo originale. Qualora questo Ufficio dovesse riscontrare difformit\u00e0 rispetto al testo in lingua inglese o mancanza di elementi, tutta la documentazione verr\u00e0 restituita al richiedente per il relativo perfezionamento; Si precisa che NON \u00e8 richiesta la traduzione dell\u2019apostille e che NON \u00e8 richiesta la legalizzazione per mezzo di apostille della traduzione;<\/li>\n<li><strong>Il certificato di cittadinanza italiana per nascita del padre o della madre rilasciato dal Comune AIRE di appartenenza. <span style=\"text-decoration: underline;\">Esclusivamente per i cittadini italiani iscritti all\u2019AIRE in questa circoscrizione consolare che siano nati in Western Australia<\/span>,<\/strong> il certificato di cittadinanza italiana per nascita del padre o madre potr\u00e0 essere sostituito da una dichiarazione sostitutiva di certificazione <a href=\"https:\/\/consperth.esteri.it\/wp-content\/uploads\/2026\/03\/1-DICHIARAZIONE-SOSTITUTIVA-DI-CERTIFICAZIONE.pdf\">(AUTOCERTIFICAZIONE DI CITTADINANZA ITALIANA PER NASCITA).<\/a><\/li>\n<li>fotocopie a colori leggibili delle pagine biografiche dei passaporti in corso di validit\u00e0 dei genitori e del minore; il\/i genitore\/i italiano deve\/devono esibire il passaporto italiano oppure la carta d&#8217;identit\u00e0 in corso di validit\u00e0.<\/li>\n<li><strong>A partire <span style=\"color: #0000ff;\">dal primo gennaio 2026<\/span>, per l&#8217;istanza di acquisto della cittadinanza &#8220;per beneficio di legge&#8221; (<span style=\"text-decoration: underline;\"><span style=\"color: #0000ff; text-decoration: underline;\">figli minori nati all&#8217;estero entro tre anni dall nascita<\/span>) <\/span>non sar\u00e0 necessario il pagamento di alcun contributo amministrativo, dal momento che con la Legge 30 dicembre 2025\u00a0 \u00e8 stata introdotta la gratuit\u00e0 di questo specifico servizio consolare.\u00a0 \u00a0<\/strong><\/li>\n<li>\u00a0<strong>Si segnala inoltre che diventano <span style=\"color: #0000ff;\">gratuite<\/span> anche le dichiarazioni da rendersi entro il 31 maggio 2029 relativamente ai figli di almeno un cittadino italiano per nascita che erano ancora minorenni al 24 maggio 2025.\u00a0<\/strong><\/li>\n<\/ol>\n<\/div>\n<\/div>\n","protected":false},"excerpt":{"rendered":"La dichiarazione di acquisto di cittadinanza per beneficio di legge in favore di minori nati all&#8217;estero pu\u00f2 essere presentata entro il terzo anno dalla nascita. La dichiarazione di acquisto si effettua presentandosi di persona in Consolato,\u00a0anticipando\u00a0tutta la documentazione scansionata e completa a\u00a0perth.consolato@esteri.it. L\u2019operatore, una volta controllata la documentazione, convochera entro pochi giorni via email i [&hellip;]","protected":false},"author":7,"featured_media":0,"parent":362,"menu_order":0,"comment_status":"closed","ping_status":"closed","template":"","meta":{"footnotes":""},"class_list":["post-4339","page","type-page","status-publish","hentry"],"_links":{"self":[{"href":"https:\/\/consperth.esteri.it\/it\/wp-json\/wp\/v2\/pages\/4339","targetHints":{"allow":["GET"]}}],"collection":[{"href":"https:\/\/consperth.esteri.it\/it\/wp-json\/wp\/v2\/pages"}],"about":[{"href":"https:\/\/consperth.esteri.it\/it\/wp-json\/wp\/v2\/types\/page"}],"author":[{"embeddable":true,"href":"https:\/\/consperth.esteri.it\/it\/wp-json\/wp\/v2\/users\/7"}],"replies":[{"embeddable":true,"href":"https:\/\/consperth.esteri.it\/it\/wp-json\/wp\/v2\/comments?post=4339"}],"version-history":[{"count":7,"href":"https:\/\/consperth.esteri.it\/it\/wp-json\/wp\/v2\/pages\/4339\/revisions"}],"predecessor-version":[{"id":4892,"href":"https:\/\/consperth.esteri.it\/it\/wp-json\/wp\/v2\/pages\/4339\/revisions\/4892"}],"up":[{"embeddable":true,"href":"https:\/\/consperth.esteri.it\/it\/wp-json\/wp\/v2\/pages\/362"}],"wp:attachment":[{"href":"https:\/\/consperth.esteri.it\/it\/wp-json\/wp\/v2\/media?parent=4339"}],"curies":[{"name":"wp","href":"https:\/\/api.w.org\/{rel}","templated":true}]}}