{"id":4115,"date":"2025-08-18T14:32:32","date_gmt":"2025-08-18T06:32:32","guid":{"rendered":"https:\/\/consperth.esteri.it\/?page_id=4115"},"modified":"2025-08-18T14:32:59","modified_gmt":"2025-08-18T06:32:59","slug":"4115-2","status":"publish","type":"page","link":"https:\/\/consperth.esteri.it\/it\/servizi-consolari-e-visti\/servizi-per-il-cittadino-straniero\/cittadinanza\/apertura-termini-di-riacquisto-della-cittadinanza-italiana-a-favore-di-ex-cittadini\/4115-2\/","title":{"rendered":"Come rendere la dichiarazione di volont\u00e0 di riacquisto della cittadinanza italiana"},"content":{"rendered":"<div class=\"entry-content\">\n<p>La dichiarazione di volont\u00e0 di riacquisto della cittadinanza deve essere resa <strong>personalmente innanzi al dipendente dell\u2019Ufficio consolare<\/strong>\u00a0delegato all\u2019esercizio delle funzioni di stato civile.<\/p>\n<p>Non \u00e8 richiesta la presenza di testimoni.<\/p>\n<p><em>Gli interessati potranno rendere la dichiarazione di volont\u00e0 di riacquisto della cittadinanza presso questo Consolato , senza appuntamento, nelle giornate di <strong>marted\u00ec<\/strong>\u00a0e\u00a0<strong>gioved\u00ec dalle ore 9:00 alle ore 12:30 <\/strong>(con ultimo accesso alle ore 12.00).<\/em><\/p>\n<p><strong>Il richiedente NATO IN ITALIA<\/strong>\u00a0dovr\u00e0:<\/p>\n<ul>\n<li>presentarsi con il passaporto australiano (o di altro Paese) e prova di residenza (patente, utenza domestica, contratto di affitto);<\/li>\n<li>fornire:\n<ol>\n<li><strong>certificato di nascita\u00a0<\/strong>da richiedere al Comune italiano;<\/li>\n<li><strong>certificato di naturalizzazione australiana\u00a0<\/strong>(o di altro Paese) e, laddove previsto,<strong>\u00a0certificato di rinuncia alla cittadinanza italiana,\u00a0<\/strong>al fine di provare la causa della perdita della cittadinanza;<\/li>\n<li>la\u00a0<strong>data di decorrenza della perdita<\/strong>\u00a0della cittadinanza italiana, laddove non riportata nella documentazione di cui al punto b;<\/li>\n<li><strong>pagare<\/strong>\u00a0presso questo Consolato <strong>il diritto consolare ex. art.7C <\/strong>(<a href=\"https:\/\/consperth.esteri.it\/it\/servizi-consolari-e-visti\/servizi-per-il-cittadino-straniero\/tariffario\/\">tariffario<\/a>), pari ad euro 250. Il pagamento dovr\u00e0 essere effettuato\u00a0<strong>in dollari australiani<\/strong>, mediante carta di debito (non si accettano carte di credito) o in contanti.<\/li>\n<\/ol>\n<\/li>\n<\/ul>\n<p><strong>\u00a0<\/strong><strong>Il richiedente NATO ALL\u2019ESTERO<\/strong>\u00a0dovr\u00e0:<\/p>\n<ul>\n<li>presentarsi con il passaporto australiano (o di altro Paese) e prova di residenza (patente, utenza domestica, contratto di affitto);<\/li>\n<li>fornire:\n<ol>\n<li><strong>certificato di nascita<\/strong>\u00a0originale, con\u00a0<strong>apostille e traduzione<\/strong>;<\/li>\n<li><strong>prova della residenza in Italia per almeno due anni continuativi<\/strong>\u00a0mediante\u00a0<u>certificato storico di residenza<\/u>\u00a0da richiedere al Comune italiano;<\/li>\n<li><strong>prova del precedente possesso della cittadinanza italiana<\/strong>\u00a0mediante\u00a0<u>certificato storico di cittadinanza<\/u>;<\/li>\n<li><strong>certificato di naturalizzazione straniera<\/strong>\u00a0e, laddove previsto,<strong>\u00a0certificato di rinuncia alla cittadinanza italiana,\u00a0<\/strong>al fine di provare la causa della perdita della cittadinanza;<\/li>\n<li>la\u00a0<strong>data di decorrenza della perdita<\/strong>\u00a0della cittadinanza italiana, laddove non riportata nella documentazione di cui al punto d.<\/li>\n<li>pagare presso questo Consolato Generale<strong>\u00a0il diritto consolare ex. art.7C\u00a0<\/strong>(<a href=\"https:\/\/consperth.esteri.it\/it\/servizi-consolari-e-visti\/servizi-per-il-cittadino-straniero\/tariffario\/\">tariffario<\/a>),\u00a0pari ad euro 250. Il pagamento dovr\u00e0 essere effettuato\u00a0<strong>in dollari australiani<\/strong>, mediante carta di debito (non si accettano carte di credito) o in contanti.<\/li>\n<\/ol>\n<\/li>\n<\/ul>\n<p>Si fa presente che,<strong>\u00a0in mancanza della documentazione necessaria, NON sar\u00e0 possibile accogliere la suddetta dichiarazione.<\/strong><\/p>\n<p><strong><u>NOTA BENE<\/u><\/strong><\/p>\n<p><strong>Non<\/strong>\u00a0\u00e8 possibile ricorrere all\u2019utilizzo delle dichiarazioni sostitutive di cui agli articoli 46 e 47 del D.P.R. 28 dicembre 2000, n. 445 in sostituzione della documentazione richiesta.<\/p>\n<\/div>\n","protected":false},"excerpt":{"rendered":"La dichiarazione di volont\u00e0 di riacquisto della cittadinanza deve essere resa personalmente innanzi al dipendente dell\u2019Ufficio consolare\u00a0delegato all\u2019esercizio delle funzioni di stato civile. Non \u00e8 richiesta la presenza di testimoni. Gli interessati potranno rendere la dichiarazione di volont\u00e0 di riacquisto della cittadinanza presso questo Consolato , senza appuntamento, nelle giornate di marted\u00ec\u00a0e\u00a0gioved\u00ec dalle ore 9:00 [&hellip;]","protected":false},"author":10,"featured_media":0,"parent":3660,"menu_order":0,"comment_status":"closed","ping_status":"closed","template":"","meta":{"footnotes":""},"class_list":["post-4115","page","type-page","status-publish","hentry"],"_links":{"self":[{"href":"https:\/\/consperth.esteri.it\/it\/wp-json\/wp\/v2\/pages\/4115","targetHints":{"allow":["GET"]}}],"collection":[{"href":"https:\/\/consperth.esteri.it\/it\/wp-json\/wp\/v2\/pages"}],"about":[{"href":"https:\/\/consperth.esteri.it\/it\/wp-json\/wp\/v2\/types\/page"}],"author":[{"embeddable":true,"href":"https:\/\/consperth.esteri.it\/it\/wp-json\/wp\/v2\/users\/10"}],"replies":[{"embeddable":true,"href":"https:\/\/consperth.esteri.it\/it\/wp-json\/wp\/v2\/comments?post=4115"}],"version-history":[{"count":2,"href":"https:\/\/consperth.esteri.it\/it\/wp-json\/wp\/v2\/pages\/4115\/revisions"}],"predecessor-version":[{"id":4118,"href":"https:\/\/consperth.esteri.it\/it\/wp-json\/wp\/v2\/pages\/4115\/revisions\/4118"}],"up":[{"embeddable":true,"href":"https:\/\/consperth.esteri.it\/it\/wp-json\/wp\/v2\/pages\/3660"}],"wp:attachment":[{"href":"https:\/\/consperth.esteri.it\/it\/wp-json\/wp\/v2\/media?parent=4115"}],"curies":[{"name":"wp","href":"https:\/\/api.w.org\/{rel}","templated":true}]}}