{"id":362,"date":"2023-04-10T10:08:12","date_gmt":"2023-04-10T08:08:12","guid":{"rendered":"https:\/\/consperth.esteri.it\/?page_id=362"},"modified":"2026-03-12T14:55:54","modified_gmt":"2026-03-12T06:55:54","slug":"nascita","status":"publish","type":"page","link":"https:\/\/consperth.esteri.it\/it\/servizi-consolari-e-visti\/servizi-per-il-cittadino-italiano\/stato-civile\/nascita\/","title":{"rendered":"Registrare la nascita di figli minorenni"},"content":{"rendered":"<header class=\"entry-header\"><\/header>\n<header>La richiesta di registrazione in Italia della\u00a0<strong>nascita avvenuta\u00a0all\u2019estero del figlio minorenne\u00a0<\/strong>di <strong>un cittadino italiano<\/strong>\u00a0\u00e8 una domanda di riconoscimento della cittadinanza a favore del figlio minore.<\/header>\n<header><\/header>\n<header>\n<hr \/>\n<p>Per presentare la documentazione necessaria per la registrazione in Italia della nascita avvenuta all\u2019estero del figlio minorenne (sia che si tratti di <strong>cittadinanza per nascita<\/strong> sia che si tratti di <a href=\"https:\/\/consperth.esteri.it\/it\/servizi-consolari-e-visti\/servizi-per-il-cittadino-straniero\/cittadinanza\/acquisto-della-cittadinanza-per-beneficio-di-legge-figli-minori-nati-allestero\/\">cittadinanza per beneficio di legge<\/a>), <strong>non \u00e8 necessario appuntamento<\/strong> ma occorre <strong>anticipare <\/strong>tutta la documentazione scansionata e completa a\u00a0<a href=\"mailto:perth.consolato@esteri.it\"><strong>perth.consolato@esteri.it<\/strong><\/a>.<\/p>\n<\/header>\n<header><\/header>\n<header><\/header>\n<header><\/header>\n<header><\/header>\n<header><\/header>\n<header><\/header>\n<header><\/header>\n<header><\/header>\n<header><\/header>\n<header><\/header>\n<header><\/header>\n<header><\/header>\n<header><\/header>\n<header><\/header>\n<header>L\u2019<strong>operatore<\/strong>, una volta controllata la documentazione, <strong>convocher\u00e0\u00a0<\/strong> entro pochi giorni via email i richiedenti <strong>il marted\u00ec e il gioved\u00ec fra le 09:00 e le 12:00<\/strong>. Non \u00e8 dunque necessario prendere alcun appuntamento, ma solo inviare una email \u2013 allegando copia della documentazione e il modulo \u2013 a\u00a0<a href=\"mailto:perth.consolato@esteri.it\"><strong>perth.consolato@esteri.it.\u00a0<\/strong><\/a><\/header>\n<header><\/header>\n<div class=\"entry-content\">\n<div class=\"entry-content\">\n<hr \/>\n<p><strong><span style=\"color: #0000ff;\">CITTADINANZA PER NASCITA<\/span><\/strong><\/p>\n<p><strong>PREMESSA<\/strong><\/p>\n<p>La cittadinanza italiana si trasmette da genitore in figlio, per un massimo di due generazioni, con la condizione che il genitore italiano non abbia mai rinunciato alla cittadinanza.<\/p>\n<p>Il Decreto-Legge n. 36\/2025, del 28 marzo 2025, convertito in legge in data 24 maggio 2025 (legge 74\/2025), ha introdotto ulteriori requisiti in materia di riconoscimento della cittadinanza<em> per i minori figli di cittadini italiani<\/em>.<\/p>\n<p>In particolare, secondo le nuove disposizioni<span style=\"color: #333333;\">,<\/span><span style=\"color: #0000ff;\"><span style=\"color: #333333;\"> il cittadino italiano trasmette <\/span><strong>automaticamente la cittadinanza al figlio minore nato all\u2019estero<\/strong><\/span>, e quindi ne puo\u2019 registrare la nascita in Italia, <span style=\"color: #000000;\">se ricorre <\/span><strong><span style=\"color: #0000ff;\"><u>una delle seguenti condizioni<\/u><\/span><\/strong>:<\/p>\n<ol>\n<li>un <strong><span style=\"color: #0000ff;\">genitore <\/span>(anche adottivo) <\/strong>o un <strong><span style=\"color: #0000ff;\">nonno<\/span> <\/strong>possiede \u2013 o deve avere posseduto al momento del decesso \u2013\u00a0 <strong><span style=\"color: #0000ff;\">e<strong>sclusi<\/strong>vamente la cittadinanza italiana<\/span><\/strong>\u00a0(cio\u00e8 non ha e non pu\u00f2 avere nessun\u2019altra cittadinanza al di fuori di quella italiana) al momento della nascita del minore;<\/li>\n<li>un<strong>\u00a0<span style=\"color: #0000ff;\">genitore<\/span> (anche adottivo) cittadino \u00e8 stato <span style=\"color: #0000ff;\">residente in Italia per almeno due anni continuativi, <\/span><\/strong><strong><span style=\"color: #0000ff;\">successivamente all\u2019acquisto della cittadinanza italiana e prima della nascita o adozione del minore<\/span>;<\/strong><\/li>\n<li>il minore non ha e non pu\u00f2 avere nessun\u2019altra cittadinanza.<\/li>\n<\/ol>\n<p><a href=\"https:\/\/consperth.esteri.it\/it\/servizi-consolari-e-visti\/servizi-per-il-cittadino-italiano\/stato-civile\/nascita\/cosa-presentare-per-registrare-i-figli-minorenni-nati-in-australia\/\"><strong>COSA PRESENTARE PER REGISTRARE I FIGLI MINORENNI NATI IN AUSTRALIA<\/strong><\/a><\/p>\n<p><a href=\"https:\/\/consperth.esteri.it\/it\/servizi-consolari-e-visti\/servizi-per-il-cittadino-italiano\/stato-civile\/nascita\/cosa-presentare-per-registrare-i-figli-minorenni-nati-in-paese-straniero-diverso-dallaustralia\/\"><strong>COSA PRESENTARE PER REGISTRARE I FIGLI MINORENNI NATI IN PAESE STRANIERO DIVERSO DALL\u2019AUSTRALIA<\/strong><\/a><\/p>\n<p>&nbsp;<\/p>\n<hr \/>\n<p><strong><a href=\"https:\/\/consperth.esteri.it\/it\/servizi-consolari-e-visti\/servizi-per-il-cittadino-italiano\/stato-civile\/nascita\/dichiarazione-di-acquisto-di-cittadinanza-per-beneficio-di-legge-2\/\"><span style=\"color: #0000ff;\">CITTADINANZA PER BENEFICIO DI LEGGE <\/span><\/a><\/strong><strong>(FIGLI DI CITTADINI CHE <u>NON<\/u> TRASMETTONO AUTOMATICAMENTE LA CITTADINANZA ITALIANA):<\/strong><\/p>\n<p>In alcuni casi limitati, previsti dal comma 1-bis dell\u2019articolo 4 della legge n. 91\/1992 e dall\u2019articolo 1-ter del decreto legge n. 36\/2025 come convertito in legge,\u00a0<u>i figli minorenni nati all\u2019estero da<\/u>\u00a0<u>genitore cittadino che non trasmette automaticamente la cittadinanza (ossia che\u00a0<strong>non rientrano in una delle 3 fattispecie sopra elencate<\/strong><\/u>), possono acquistare la cittadinanza italiana in due casi<strong>:<\/strong><\/p>\n<ol>\n<li>Nel primo caso[<strong>Art 4, comma 1-b, b DL 91\/1992<\/strong>] i seguenti presupposti devono essere rispettati<strong>\u00a0CONGIUNTAMENTE:<\/strong>\n<ul>\n<li><span style=\"color: #0000ff;\"><strong>almeno uno dei genitori \u00e8 cittadino italiano per nascita<\/strong>\u00a0<\/span>(anche se in possesso di altra cittadinanza);<\/li>\n<li><span style=\"color: #0000ff;\"><strong>entrambi i genitori<\/strong>\u00a0<strong>presentano una\u00a0<u>dichiarazione<\/u> di volont\u00e0 di acquisto della cittadinanza italiana <span style=\"text-decoration: underline;\">ENTRO TRE ANNI DALLA NASCITA<\/span><\/strong><strong> del minore.<\/strong><\/span><\/li>\n<\/ul>\n<\/li>\n<li>Il secondo caso[<strong>Art.1, comma 1-ter, DL 36\/2025<\/strong>] \u00e8 una <strong>NORMA TRANSITORIA<\/strong> e si applica quando sussistono<strong>\u00a0TUTTE\u00a0<\/strong>le condizioni seguenti:\n<ul>\n<li>i richiedenti sono <strong>minorenni alla data di entrata in vigore della legge di conversione del DL n. 36\/2025\u00a0<\/strong>(cio\u00e8 persone che non avevano ancora compiuto i 18 anni di et\u00e0 alla data del 24 maggio 2025);<\/li>\n<li>i richiedenti sono\u00a0<strong>figli di cittadino per nascita\u00a0<\/strong>riconosciuto italiano sulla base di domanda amministrativa o giudiziale presentata entro le 23:59 (ora di Roma) del 27 marzo 2025 o sulla base di domanda presentata previo appuntamento prenotato entro la medesima data;<\/li>\n<li>I genitori dei minorenni \u00a0devono\u00a0 presentare \u00a0una \u00a0dichiarazione <strong>di volont\u00e0 di acquisto della cittadinanza italiana<\/strong>\u00a0entro \u00a0<span style=\"text-decoration: underline;\"><strong>il \u00a031 maggio 2029.\u00a0<\/strong><\/span><\/li>\n<\/ul>\n<\/li>\n<\/ol>\n<p><u>Se l\u2019interessato, minorenne alla data del 24 maggio 2025, diviene nel frattempo maggiorenne, la dichiarazione dovr\u00e0 essere presentata da lui personalmente entro la medesima data.<\/u><\/p>\n<p><strong>NOTA BENE:<\/strong>\u00a0Le due nuove ipotesi sopra descritte costituiscono una soluzione per i cittadini italiani che non soddisfino i requisiti di legge di cui all\u2019art. 3-bis della legge n. 91\/1992 e configurano un\u00a0<strong>acquisto della cittadinanza per \u201cbeneficio di legge\u201d.<\/strong> Il minore che ne beneficia non \u00e8 cittadino italiano per nascita o\u00a0<em>iure sanguinis, <\/em>bens\u00ec\u00a0<strong>dal giorno successivo alla dichiarazione dei genitori, <\/strong>in base all\u2019art. 15 della legge n. 91\/1992<strong>.<\/strong><\/p>\n<p><strong>PROCEDURA<\/strong><\/p>\n<header class=\"entry-header\">La dichiarazione di acquisto si effettua presentandosi <strong>di persona in Consolato<\/strong>, <strong>anticipando<\/strong><strong>\u00a0<\/strong>tutta la documentazione scansionata e completa a <a href=\"mailto:perth.consolato@esteri.it\"><strong>perth.consolato@esteri.it<\/strong><\/a>. L\u2019operatore, una volta controllata la documentazione, convochera entro pochi giorni via email i richiedenti <strong>il marted\u00ec e il gioved\u00ec fra le 09:00 e le 12:00<\/strong>. Non \u00e8 dunque necessario prendere alcun appuntamento, ma solo inviare una email \u2013 allegando copia della documentazione e il modulo \u2013 a <a href=\"mailto:perth.consolato@esteri.it\"><strong>perth.consolato@esteri.it.\u00a0<\/strong><\/a><\/header>\n<div class=\"entry-content\">\n<p>Sar\u00e0 necessario fornire (e il giorno della convocazione portare) i seguenti documenti:<\/p>\n<ol>\n<li>la <a href=\"https:\/\/consperth.esteri.it\/wp-content\/uploads\/2026\/01\/20260119124008996-1.pdf\" rel=\"attachment wp-att-4622\">richiesta di trascrizione di certificato di nascita <\/a>;<\/li>\n<li>l\u2019atto di nascita originale, emesso dal \u201c<a href=\"https:\/\/www.nsw.gov.au\/births-deaths-marriages\">Registry of Births, Deaths and Marriages<\/a>\u201c, legalizzato per mezzo di apostille (rilasciata dal \u201c<a href=\"https:\/\/www.smartraveller.gov.au\/consular-services\/notarial-services\/documents-in-australia\">Department of Foreign Affairs and Trade<\/a>\u201c);<\/li>\n<li>la traduzione in lingua italiana dell\u2019atto di nascita, effettuata da un traduttore ufficiale <a href=\"https:\/\/conssydney.esteri.it\/it\/servizi-consolari-e-visti\/servizi-per-il-cittadino-italiano\/elenchi\/\">NAATI<\/a> o autonomamente. Nel caso si optasse per la traduzione in autonomia, si fa presente che essa dovr\u00e0 essere totalmente conforme al testo originale. Qualora questo Ufficio dovesse riscontrare difformit\u00e0 rispetto al testo in lingua inglese o mancanza di elementi, tutta la documentazione verr\u00e0 restituita al richiedente per il relativo perfezionamento; Si precisa che NON \u00e8 richiesta la traduzione dell\u2019apostille. Si precisa che NON \u00e8 richiesta la legalizzazione per mezzo di apostille della taduzione;<\/li>\n<li>Prova della cittadinanza italiana per nascita (&#8220;Jure Sanguinis&#8221;) di almeno uno dei genitori dimostrabile:<\/li>\n<\/ol>\n<p>a) Certificato di cittadinanza italiana per nascita di almeno uno dei genitori italiani da richiedere (a cura dell&#8217;interessato) al proprio Comune di iscrizione AIRE;<\/p>\n<p>b)\u00a0 ESCLUSIVAMENTE\u00a0 per il genitore\u00a0 italiano iscritto all\u2019AIRE in questa\u00a0 circoscrizione consolare che sia nato in Western Australia, il <strong>certificato di cittadinanza italiana per nascita\u00a0 potr\u00e0 essere sostituito da una<a href=\"https:\/\/consperth.esteri.it\/wp-content\/uploads\/2026\/03\/1-DICHIARAZIONE-SOSTITUTIVA-DI-CERTIFICAZIONE.pdf\"> AUTOCERTIFICAZIONE DI CITTADINANZA ITALIANA PER NASCITA<\/a><\/strong>.<\/p>\n<p>5.fotocopia della carta di identit\u00e0 italiana o del passaporto italiano del genitore italiano, fotocopia del passaporto del genitore straniero (se i genitori non sono entrambi italiani).<\/p>\n<p>6. Passaporto straniero del minore;<\/p>\n<\/div>\n<p>Le <strong>dichiarazioni dovranno essere rese presenzialmente presso l\u2019Ufficio consolare davanti a dipendenti delegati alle funzioni di Stato Civile<\/strong>.<\/p>\n<p>Occorrer\u00e0 allegare anche <strong>documento d\u2019identit\u00e0\u00a0 del richiedente e\u00a0 documento d\u2019identit\u00e0 o certificato apostillato e tradotto da un traduttore NAATI\u00a0 comprovante l\u2019ulteriore cittadinanza del figlio\/a, prova di residenza nella circoscrizione consolare<\/strong>, oltre alla documentazione elencata nel modulo di dichiarazione pertinente.<\/p>\n<p>Alla cittadinanza italiana acquistata nei modi sopra indicati l\u2019interessato, una volta divenuto maggiorenne, pu\u00f2 fare rinuncia, con la sola condizione che non si produca una condizione di apolidia.<\/p>\n<p><strong>ATTENZIONE:<\/strong><\/p>\n<p>Il Comune pu\u00f2 rifiutare di trascrivere la nascita del minore avvenuta in costanza di matrimonio laddove il matrimonio dei genitori non sia ancora stato registrato.\u00a0A tal fine si esortano gli istanti ad inviare contestualmente alla documentazione per la trascrizione della nascita del minore anche quella relativa al loro\u00a0<a href=\"https:\/\/consperth.esteri.it\/it\/servizi-consolari-e-visti\/servizi-per-il-cittadino-italiano\/stato-civile\/matrimonio-in-australia-o-altro-paese-estero\/\" target=\"_blank\" rel=\"noopener\">matrimonio<\/a><strong>.<\/strong><\/p>\n<p>La registrazione della nascita di\u00a0<strong>minori adottati all\u2019estero<\/strong> segue una procedura diversa. Si prega, pertanto, di contattare l\u2019Ufficio consolare inviando una email a <a href=\"mailto:perth.consolato@esteri.it\">perth.consolato@esteri.it<\/a>.<\/p>\n<\/div>\n<\/div>\n","protected":false},"excerpt":{"rendered":"La richiesta di registrazione in Italia della\u00a0nascita avvenuta\u00a0all\u2019estero del figlio minorenne\u00a0di un cittadino italiano\u00a0\u00e8 una domanda di riconoscimento della cittadinanza a favore del figlio minore. Per presentare la documentazione necessaria per la registrazione in Italia della nascita avvenuta all\u2019estero del figlio minorenne (sia che si tratti di cittadinanza per nascita sia che si tratti di [&hellip;]","protected":false},"author":5,"featured_media":0,"parent":146,"menu_order":7,"comment_status":"closed","ping_status":"closed","template":"","meta":{"footnotes":""},"class_list":["post-362","page","type-page","status-publish","hentry"],"_links":{"self":[{"href":"https:\/\/consperth.esteri.it\/it\/wp-json\/wp\/v2\/pages\/362","targetHints":{"allow":["GET"]}}],"collection":[{"href":"https:\/\/consperth.esteri.it\/it\/wp-json\/wp\/v2\/pages"}],"about":[{"href":"https:\/\/consperth.esteri.it\/it\/wp-json\/wp\/v2\/types\/page"}],"author":[{"embeddable":true,"href":"https:\/\/consperth.esteri.it\/it\/wp-json\/wp\/v2\/users\/5"}],"replies":[{"embeddable":true,"href":"https:\/\/consperth.esteri.it\/it\/wp-json\/wp\/v2\/comments?post=362"}],"version-history":[{"count":9,"href":"https:\/\/consperth.esteri.it\/it\/wp-json\/wp\/v2\/pages\/362\/revisions"}],"predecessor-version":[{"id":4888,"href":"https:\/\/consperth.esteri.it\/it\/wp-json\/wp\/v2\/pages\/362\/revisions\/4888"}],"up":[{"embeddable":true,"href":"https:\/\/consperth.esteri.it\/it\/wp-json\/wp\/v2\/pages\/146"}],"wp:attachment":[{"href":"https:\/\/consperth.esteri.it\/it\/wp-json\/wp\/v2\/media?parent=362"}],"curies":[{"name":"wp","href":"https:\/\/api.w.org\/{rel}","templated":true}]}}