{"id":344,"date":"2023-04-08T11:42:49","date_gmt":"2023-04-08T09:42:49","guid":{"rendered":"https:\/\/consperth.esteri.it\/?page_id=344"},"modified":"2024-02-25T12:46:49","modified_gmt":"2024-02-25T04:46:49","slug":"convivenze-di-fatto","status":"publish","type":"page","link":"https:\/\/consperth.esteri.it\/it\/servizi-consolari-e-visti\/servizi-per-il-cittadino-italiano\/stato-civile\/convivenze-di-fatto\/","title":{"rendered":"Convivenza di fatto"},"content":{"rendered":"<div>\n<p>Ai sensi della Legge 20 maggio 2016 n. 76, \u00e8 possibile costituire una convivenza di fatto fra due persone maggiorenni, unite stabilmente da legami affettivi di coppia e di reciproca assistenza morale e materiale, se coabitanti nella stessa residenza. Non \u00e8 possibile costituire una convivenza di fatto se gli interessati sono uniti da legami di parentela, affinit\u00e0 o adozione o se anche uno solo di essi sia legato da vincolo matrimoniale o da unione civile.<\/p>\n<p>Per disposizione del Ministero dell&#8217;Interno, considerati i requisiti anagrafici, la Legge 76\/2016 si applica solo ai cittadini italiani residenti all\u2019estero (AIRE) e agli stranieri residenti in Italia, non ai cittadini stranieri residenti all\u2019estero.<\/p>\n<p>Per richiedere la registrazione della convivenza di fatto in Italia, \u00e8 sufficiente inviare la <a href=\"https:\/\/consperth.esteri.it\/wp-content\/uploads\/2023\/04\/1-richiesta-costituzione-coppia-di-fatto.doc\"><strong>dichiarazione di costituzione di convivenza di fatto<\/strong><\/a> sottoscritta da entrambe le parti, unitamente a copia elettronica dei rispettivi documenti d&#8217;identit\u00e0, inviando una email a perth.statocivile@esteri.it. La dichiarazione pu\u00f2 esserci inviata anche cartaceamente per posta ordinaria, indirizzata a P.O. Box 1894, West Perth WA 6872.<\/p>\n<p>Qualora una delle due parti avesse cambiato indirizzo, prima di inviare la dichiarazione \u00e8 necessario regolarizzare la propria posizione anagrafica, solo collegandosi al portale <strong><a href=\"https:\/\/serviziconsolarionline.esteri.it\/ScoFE\/index.sco\">FAST IT<\/a><\/strong>. Alla dichiarazione di costituzione di convivenza di fatto dovr\u00e0 essere allegata una <strong>prova dell&#8217;attuale indirizzo di residenza permanente<\/strong> (con data non anteriore a 3 mesi) anche qualora la convivenza fosse gi\u00e0 stata registrata in Italia o in altra sede consolare.<\/p>\n<p><span style=\"color: #ff6600;\"><strong>COSA COMPORTA LA CONVIVENZA DI FATTO?<\/strong><\/span><\/p>\n<p>Dalla registrazione della convivenza di fatto scaturiscono una serie di diritti e di doveri:<\/p>\n<\/div>\n<ul>\n<li>i conviventi di fatto hanno gli stessi diritti spettanti al coniuge nei casi previsti dall&#8217;ordinamento penitenziario (comma 38);<\/li>\n<li>in caso di malattia e di ricovero, i conviventi di fatto hanno diritto reciproco di visita, di assistenza, nonch\u00e9 di accesso alle informazioni personali, secondo le regole di organizzazione delle strutture ospedaliere o di assistenza pubbliche, private o convenzionate, previste per coniugi e i familiari (comma 39);<\/li>\n<li>ciascun convivente di fatto pu\u00f2 designare l\u2019altro quale suo rappresentante con poteri pieni o limitati in caso di malattia che comporta incapacit\u00e0 di intendere e di volere, per le decisioni in materia di salute oppure, in caso di morte, per quanto riguarda la donazione degli organi, le modalit\u00e0 di trattamento del corpo e le celebrazioni funerarie (commi 40 e 41);<\/li>\n<li>diritti inerenti alla casa di abitazione (commi da 42 a 45);<\/li>\n<li>successione nel contratto di locazione della casa di comune residenza per il convivente di fatto in caso di morte del conduttore o di suo recesso dal contratto (comma 44);<\/li>\n<li>inserimento nelle graduatorie per l\u2019assegnazione di alloggi di edilizia popolare, qualora l\u2019appartenenza a un nucleo familiare costituisca titolo o causa preferenziale (comma 45);<\/li>\n<li>diritti del convivente nell&#8217;attivit\u00e0 di impresa (comma 46);<\/li>\n<li>ampliamento delle facolt\u00e0 riconosciute al convivente di fatto nell&#8217;ambito delle misure di protezione delle persone prive di autonomia (commi 47 e 48);<\/li>\n<li>in caso di decesso del convivente di fatto, derivante da fatto illecito di un terzo, nell&#8217;individuazione del danno risarcibile alla parte superstite si applicano i medesimi criteri individuati per il risarcimento del danno al coniuge superstite (comma 49).<\/li>\n<\/ul>\n<p>Qualunque modifica alla convivenza di fatto, incluso lo scioglimento della stessa, devono essere notificati al Consolato.<\/p>\n<p>I conviventi di fatto, inoltre, hanno la facolt\u00e0 (non obbligo) di stipulare il \u201c<strong>contratto di convivenza<\/strong>\u201d previsto dal comma 50 della legge n. 76\/2016. Esso ha contenuto esclusivamente patrimoniale (vedi comma 53 della legge n.76\/2016), non pu\u00f2 essere sottoposto a termini o condizioni ed \u00e8 regolato dalla normativa italiana qualora le due parti abbiano la nazionalit\u00e0 italiana, altrimenti la legge applicabile \u00e8 quella del Paese di residenza. Nel primo caso \u00e8 possibile stipularlo presso questo Consolato in forma di atto pubblico oppure mediante l\u2019autenticazione delle firme in calce al contratto che \u00e8 stato redatto autonomamente in forma di scrittura privata, dopodich\u00e9 il Consolato provveder\u00e0 a trasmetterlo ai Comuni AIRE. Invece, nel secondo caso, \u00e8 necessario stipularlo dinanzi a un notaio o a un avvocato australiano e poi inviarne al Consolato copia autentica munita di Apostille da richiedere al <a href=\"https:\/\/www.smartraveller.gov.au\/consular-services\/notarial-services\/documents-in-australia\">Department of Foreign Affairs and Trade<\/a>.<\/p>\n","protected":false},"excerpt":{"rendered":"Ai sensi della Legge 20 maggio 2016 n. 76, \u00e8 possibile costituire una convivenza di fatto fra due persone maggiorenni, unite stabilmente da legami affettivi di coppia e di reciproca assistenza morale e materiale, se coabitanti nella stessa residenza. Non \u00e8 possibile costituire una convivenza di fatto se gli interessati sono uniti da legami di [&hellip;]","protected":false},"author":5,"featured_media":0,"parent":146,"menu_order":3,"comment_status":"closed","ping_status":"closed","template":"","meta":{"footnotes":""},"class_list":["post-344","page","type-page","status-publish","hentry"],"_links":{"self":[{"href":"https:\/\/consperth.esteri.it\/it\/wp-json\/wp\/v2\/pages\/344","targetHints":{"allow":["GET"]}}],"collection":[{"href":"https:\/\/consperth.esteri.it\/it\/wp-json\/wp\/v2\/pages"}],"about":[{"href":"https:\/\/consperth.esteri.it\/it\/wp-json\/wp\/v2\/types\/page"}],"author":[{"embeddable":true,"href":"https:\/\/consperth.esteri.it\/it\/wp-json\/wp\/v2\/users\/5"}],"replies":[{"embeddable":true,"href":"https:\/\/consperth.esteri.it\/it\/wp-json\/wp\/v2\/comments?post=344"}],"version-history":[{"count":2,"href":"https:\/\/consperth.esteri.it\/it\/wp-json\/wp\/v2\/pages\/344\/revisions"}],"predecessor-version":[{"id":2142,"href":"https:\/\/consperth.esteri.it\/it\/wp-json\/wp\/v2\/pages\/344\/revisions\/2142"}],"up":[{"embeddable":true,"href":"https:\/\/consperth.esteri.it\/it\/wp-json\/wp\/v2\/pages\/146"}],"wp:attachment":[{"href":"https:\/\/consperth.esteri.it\/it\/wp-json\/wp\/v2\/media?parent=344"}],"curies":[{"name":"wp","href":"https:\/\/api.w.org\/{rel}","templated":true}]}}