{"id":1670,"date":"2023-12-09T22:07:54","date_gmt":"2023-12-09T14:07:54","guid":{"rendered":"https:\/\/consperth.esteri.it\/?page_id=1670"},"modified":"2023-12-09T22:07:54","modified_gmt":"2023-12-09T14:07:54","slug":"certificati-del-casellario-giudiziale-e-dei-carichi-pendenti","status":"publish","type":"page","link":"https:\/\/consperth.esteri.it\/it\/servizi-consolari-e-visti\/servizi-per-il-cittadino-italiano\/certificati-del-casellario-giudiziale-e-dei-carichi-pendenti\/","title":{"rendered":"Certificati del Casellario Giudiziale e dei Carichi Pendenti"},"content":{"rendered":"<p>Il Consolato d&#8217;Italia a Perth <strong>NON\u00a0<\/strong> <strong>\u00e8 competente n\u00e8 per il rilascio n\u00e8 per l\u2019inoltro in Italia di richieste di certificati del casellario giudiziale o di certificati dei carichi pendenti da parte di cittadini italiani o stranieri, ovunque residenti.<\/strong><\/p>\n<p>Per ottenere i suddetti certificati da parte delle Autorit\u00e0 italiane, i richiedenti devono necessariamente rivolgersi autonomamente alla Procura della Repubblica presso il Tribunale competente per luogo di attuale o precedente residenza in Italia. Consultando\u00a0 i relativi siti web potranno essere verificati anche i costi e le modalit\u00e0 di rilascio. Richieste in tal senso possono essere avanzate al competente Tribunale dagli stessi interessati, oppure tramite persona fisica o agenzia\u00a0 da essi appositamente delegata.<\/p>\n<p>Per la formalizzazione dei suddetti certificati \u00e8 necessario richiedere l\u2019apposizione dell\u2019apostille (prevista dalla Convenzione de L\u2019Aja del 1961 e\u00a0 non soggetta a traduzione) allo stesso Tribunale che ha rilasciato i certificati.<\/p>\n<p>&nbsp;<\/p>\n<p>Per ulteriori informazioni \u00e8 possibile consultare anche le\u00a0 relative pagine del sito web del <a href=\"https:\/\/www.giustizia.it\/giustizia\/it\/3_3_1.page#\">Ministero della Giustizia\u00a0<\/a><\/p>\n","protected":false},"excerpt":{"rendered":"Il Consolato d&#8217;Italia a Perth NON\u00a0 \u00e8 competente n\u00e8 per il rilascio n\u00e8 per l\u2019inoltro in Italia di richieste di certificati del casellario giudiziale o di certificati dei carichi pendenti da parte di cittadini italiani o stranieri, ovunque residenti. Per ottenere i suddetti certificati da parte delle Autorit\u00e0 italiane, i richiedenti devono necessariamente rivolgersi autonomamente [&hellip;]","protected":false},"author":7,"featured_media":0,"parent":46,"menu_order":4,"comment_status":"closed","ping_status":"closed","template":"","meta":{"footnotes":""},"class_list":["post-1670","page","type-page","status-publish","hentry"],"_links":{"self":[{"href":"https:\/\/consperth.esteri.it\/it\/wp-json\/wp\/v2\/pages\/1670","targetHints":{"allow":["GET"]}}],"collection":[{"href":"https:\/\/consperth.esteri.it\/it\/wp-json\/wp\/v2\/pages"}],"about":[{"href":"https:\/\/consperth.esteri.it\/it\/wp-json\/wp\/v2\/types\/page"}],"author":[{"embeddable":true,"href":"https:\/\/consperth.esteri.it\/it\/wp-json\/wp\/v2\/users\/7"}],"replies":[{"embeddable":true,"href":"https:\/\/consperth.esteri.it\/it\/wp-json\/wp\/v2\/comments?post=1670"}],"version-history":[{"count":1,"href":"https:\/\/consperth.esteri.it\/it\/wp-json\/wp\/v2\/pages\/1670\/revisions"}],"predecessor-version":[{"id":1672,"href":"https:\/\/consperth.esteri.it\/it\/wp-json\/wp\/v2\/pages\/1670\/revisions\/1672"}],"up":[{"embeddable":true,"href":"https:\/\/consperth.esteri.it\/it\/wp-json\/wp\/v2\/pages\/46"}],"wp:attachment":[{"href":"https:\/\/consperth.esteri.it\/it\/wp-json\/wp\/v2\/media?parent=1670"}],"curies":[{"name":"wp","href":"https:\/\/api.w.org\/{rel}","templated":true}]}}