{"id":154,"date":"2023-03-06T20:30:30","date_gmt":"2023-03-06T19:30:30","guid":{"rendered":"https:\/\/consperth.esteri.it\/?page_id=154"},"modified":"2023-05-22T15:04:44","modified_gmt":"2023-05-22T07:04:44","slug":"altri-servizi","status":"publish","type":"page","link":"https:\/\/consperth.esteri.it\/it\/servizi-consolari-e-visti\/servizi-per-il-cittadino-italiano\/altri-servizi\/","title":{"rendered":"Servizi non erogati dal Consolato e Albo Consolare"},"content":{"rendered":"<p>Il Consolato pu\u00f2 fornire esclusivamente i servizi elencati nell&#8217;apposita sezione di questo sito.<\/p>\n<p><strong><span style=\"text-decoration: underline;\">Sono quindi esclusi i seguenti<\/span>:<\/strong><\/p>\n<p><strong>CARTA D&#8217;IDENTIT\u00c0 ITALIANA.<\/strong><\/p>\n<p>Al di fuori dei Paesi dell&#8217;Unione Europea non \u00e8 possibile rinnovare la carta d&#8217;identit\u00e0. Chi avesse tale documento in scadenza o scaduto deve rivolgersi al proprio Comune.<\/p>\n<p><strong>INFORMAZIONI SU VISTI AUSTRALIANI.<\/strong><\/p>\n<p>\u00c8 necessario rivolgersi al\u00a0<strong><a href=\"http:\/\/www.border.gov.au\/\">Dipartimento per l\u2019Immigrazione australiano<\/a><\/strong>.<\/p>\n<p><strong>DOCUMENTI D&#8217;IDENTIT\u00c0 AUSTRALIANI DIVERSI DAL PASSAPORTO.<\/strong><\/p>\n<p>Presso il\u00a0<strong><a href=\"http:\/\/www.transport.wa.gov.au\/licensing\/licensing.asp\">Dipartimento dei Trasporti del WA<\/a><\/strong>\u00a0\u00e8 possibile richiedere la patente di guida australiana e la\u00a0<em>WA Photo Card.<\/em><\/p>\n<p><strong>CERTIFICATO DEL CASELLARIO GIUDIZIALE e CERTIFICATO DEI CARICHI PENDENTI.<\/strong><\/p>\n<p>\u00c8 necessario rivolgersi a un Tribunale italiano e seguire la procedura descritta su\u00a0<strong><a href=\"https:\/\/www.giustizia.it\/giustizia\/it\/3_3_1.page?tab=d\">questa pagina<\/a><a href=\"https:\/\/certificaticasellario.giustizia.it\/sac\/servizi-al-cittadino1\">,<\/a><\/strong>\u00a0curata dal\u00a0<strong>Ministero della Giustizia<\/strong>.<\/p>\n<p><strong>INFORMAZIONI DOGANALI.<\/strong><\/p>\n<p>Per informazioni doganali e di quarantena relative all&#8217;introduzione di determinati articoli\u00a0<strong>in Australia<\/strong>, farmaci compresi, si raccomanda di contattare l\u2019<strong><a href=\"http:\/\/www.border.gov.au\/\">Australian Department of Immigration and Border Protection<\/a><\/strong>.<\/p>\n<p>Per informazioni sull\u2019introduzione di determinati articoli\u00a0<strong>in Italia<\/strong>, farmaci compresi, si raccomanda di contattare l\u2019<strong><a href=\"https:\/\/www.agenziadoganemonopoli.gov.it\/portale\/\">Agenzia delle Dogane<\/a><\/strong>.<\/p>\n","protected":false},"excerpt":{"rendered":"Il Consolato pu\u00f2 fornire esclusivamente i servizi elencati nell&#8217;apposita sezione di questo sito. Sono quindi esclusi i seguenti: CARTA D&#8217;IDENTIT\u00c0 ITALIANA. Al di fuori dei Paesi dell&#8217;Unione Europea non \u00e8 possibile rinnovare la carta d&#8217;identit\u00e0. Chi avesse tale documento in scadenza o scaduto deve rivolgersi al proprio Comune. INFORMAZIONI SU VISTI AUSTRALIANI. \u00c8 necessario rivolgersi [&hellip;]","protected":false},"author":1,"featured_media":0,"parent":46,"menu_order":11,"comment_status":"closed","ping_status":"closed","template":"","meta":{"footnotes":""},"class_list":["post-154","page","type-page","status-publish","hentry"],"_links":{"self":[{"href":"https:\/\/consperth.esteri.it\/it\/wp-json\/wp\/v2\/pages\/154","targetHints":{"allow":["GET"]}}],"collection":[{"href":"https:\/\/consperth.esteri.it\/it\/wp-json\/wp\/v2\/pages"}],"about":[{"href":"https:\/\/consperth.esteri.it\/it\/wp-json\/wp\/v2\/types\/page"}],"author":[{"embeddable":true,"href":"https:\/\/consperth.esteri.it\/it\/wp-json\/wp\/v2\/users\/1"}],"replies":[{"embeddable":true,"href":"https:\/\/consperth.esteri.it\/it\/wp-json\/wp\/v2\/comments?post=154"}],"version-history":[{"count":0,"href":"https:\/\/consperth.esteri.it\/it\/wp-json\/wp\/v2\/pages\/154\/revisions"}],"up":[{"embeddable":true,"href":"https:\/\/consperth.esteri.it\/it\/wp-json\/wp\/v2\/pages\/46"}],"wp:attachment":[{"href":"https:\/\/consperth.esteri.it\/it\/wp-json\/wp\/v2\/media?parent=154"}],"curies":[{"name":"wp","href":"https:\/\/api.w.org\/{rel}","templated":true}]}}