{"id":152,"date":"2023-03-06T20:29:33","date_gmt":"2023-03-06T19:29:33","guid":{"rendered":"https:\/\/consperth.esteri.it\/?page_id=152"},"modified":"2026-02-12T11:53:36","modified_gmt":"2026-02-12T03:53:36","slug":"codice-fiscale","status":"publish","type":"page","link":"https:\/\/consperth.esteri.it\/it\/servizi-consolari-e-visti\/servizi-per-il-cittadino-italiano\/codice-fiscale\/","title":{"rendered":"SPID"},"content":{"rendered":"<p><strong><span style=\"color: #008000;\">SPID (Sistema Pubblico di Identit\u00e0 Digitale)<\/span><br \/>\n<\/strong><\/p>\n<p><strong><a href=\"https:\/\/www.spid.gov.it\/\">SPID<\/a>\u00a0<\/strong>\u00e8 il nuovo sistema di autenticazione che permette a imprese e cittadini italiani di accedere con un\u2019unica identit\u00e0 digitale ai servizi\u00a0<em>online<\/em>\u00a0offerti dalla Pubblica Amministrazione e dai privati aderenti.<\/p>\n<p>Per ottenere le proprie credenziali SPID occorre registrarsi sul sito di uno degli IdP (<em>Identity Provider<\/em>) appositamente accreditati dall&#8217;Agenzia per l&#8217;Italia Digitale (AgID), alcuni dei quali forniscono le credenziali anche mediante collegamento con\u00a0<em>webcam,<\/em>\u00a0anche gratuitamente.<\/p>\n<p>L\u2019elenco degli attuali IdP e le modalit\u00e0 di ottenimento delle proprie credenziali sono disponibili cliccando\u00a0<strong><a href=\"https:\/\/www.spid.gov.it\/richiedi-spid#tabella-idp\">QUI<\/a><\/strong>.<\/p>\n<p>I privati possono utilizzare lo SPID gratuitamente, collegandosi da PC, da\u00a0<em>tablet<\/em>\u00a0o da\u00a0<em>smartphone.<\/em><\/p>\n<p>Lo SPID pu\u00f2 essere ottenuto anche da cittadini italiani residenti all&#8217;estero esibendo la tessera sanitaria italiana (o tesserino di codice fiscale) e un documento d&#8217;identit\u00e0 emesso da un&#8217;Autorit\u00e0 italiana, non scaduto. Chi fosse sprovvisto di codice fiscale pu\u00f2 richiederlo al proprio Consolato.<\/p>\n<p>Per sapere tutto sullo SPID, cliccare\u00a0<strong><a href=\"https:\/\/www.spid.gov.it\/domande-frequenti?lang=it\">QUI<\/a><\/strong>.<\/p>\n<p>\u00c8 anche possibile consultare il sito del <a href=\"https:\/\/www.esteri.it\/it\/servizi-consolari-e-visti\/italiani-all-estero\/spid\/\"><strong>Ministero degli Affari Esteri e della Cooperazione Internazionale<\/strong><\/a>.<\/p>\n<p><strong>ATTENZIONE!<\/strong><\/p>\n<p>Dal\u00a0<strong>31 dicembre 2025<\/strong> si potr\u00e0 accedere ai servizi online della Pubblica Amministrazione italiana <span style=\"text-decoration: underline;\">unicamente<\/span> tramite SPID.<\/p>\n<p><strong><span style=\"text-decoration: underline;\">L&#8217;attivazione dello SPID non pu\u00f2 essere effettuata da questo o da altri Consolati<\/span>.<\/strong><\/p>\n","protected":false},"excerpt":{"rendered":"SPID (Sistema Pubblico di Identit\u00e0 Digitale) SPID\u00a0\u00e8 il nuovo sistema di autenticazione che permette a imprese e cittadini italiani di accedere con un\u2019unica identit\u00e0 digitale ai servizi\u00a0online\u00a0offerti dalla Pubblica Amministrazione e dai privati aderenti. Per ottenere le proprie credenziali SPID occorre registrarsi sul sito di uno degli IdP (Identity Provider) appositamente accreditati dall&#8217;Agenzia per l&#8217;Italia [&hellip;]","protected":false},"author":1,"featured_media":0,"parent":46,"menu_order":4,"comment_status":"closed","ping_status":"closed","template":"","meta":{"footnotes":""},"class_list":["post-152","page","type-page","status-publish","hentry"],"_links":{"self":[{"href":"https:\/\/consperth.esteri.it\/it\/wp-json\/wp\/v2\/pages\/152","targetHints":{"allow":["GET"]}}],"collection":[{"href":"https:\/\/consperth.esteri.it\/it\/wp-json\/wp\/v2\/pages"}],"about":[{"href":"https:\/\/consperth.esteri.it\/it\/wp-json\/wp\/v2\/types\/page"}],"author":[{"embeddable":true,"href":"https:\/\/consperth.esteri.it\/it\/wp-json\/wp\/v2\/users\/1"}],"replies":[{"embeddable":true,"href":"https:\/\/consperth.esteri.it\/it\/wp-json\/wp\/v2\/comments?post=152"}],"version-history":[{"count":4,"href":"https:\/\/consperth.esteri.it\/it\/wp-json\/wp\/v2\/pages\/152\/revisions"}],"predecessor-version":[{"id":4785,"href":"https:\/\/consperth.esteri.it\/it\/wp-json\/wp\/v2\/pages\/152\/revisions\/4785"}],"up":[{"embeddable":true,"href":"https:\/\/consperth.esteri.it\/it\/wp-json\/wp\/v2\/pages\/46"}],"wp:attachment":[{"href":"https:\/\/consperth.esteri.it\/it\/wp-json\/wp\/v2\/media?parent=152"}],"curies":[{"name":"wp","href":"https:\/\/api.w.org\/{rel}","templated":true}]}}