{"id":151,"date":"2023-03-06T20:28:38","date_gmt":"2023-03-06T19:28:38","guid":{"rendered":"https:\/\/consperth.esteri.it\/?page_id=151"},"modified":"2026-03-19T15:05:39","modified_gmt":"2026-03-19T07:05:39","slug":"autoveicoli-e-patenti-di-guida","status":"publish","type":"page","link":"https:\/\/consperth.esteri.it\/it\/servizi-consolari-e-visti\/servizi-per-il-cittadino-italiano\/autoveicoli-e-patenti-di-guida\/","title":{"rendered":"Patenti"},"content":{"rendered":"<h4><strong><span style=\"color: #0000ff;\">ATTESTAZIONE CONSOLARE DI CONFERMA DELLA VALIDIT\u00c0 DELLA PATENTE DI GUIDA<\/span><\/strong><\/h4>\n<h6>(CONVALIDA DELLA PATENTE)<\/h6>\n<h2><strong><span style=\"color: #ff0000;\">LEGGERE ATTENTAMENTE TUTTE QUESTE ISTRUZIONI ED <span style=\"text-decoration: underline;\">ASSICURARSI DI AVERLE CAPITE<\/span>.<\/span><\/strong><\/h2>\n<p>La patente italiana, in scadenza o scaduta,\u00a0<strong>non pu\u00f2 essere rinnovata\u00a0<\/strong>e deve necessariamente essere sostituita con una <strong>nuova<\/strong>.<\/p>\n<p>Nel caso di patenti in prossimit\u00e0 di scadenza (4 mesi) o scadute da non pi\u00f9 di 5 anni, il Consolato pu\u00f2 rilasciare un documento chiamato\u00a0<strong>convalida,<\/strong>\u00a0che serve solo a mantenere la patente in vita finch\u00e9 il titolare non si rechi in Italia per richederne una nuova. Il servizio \u00e8 riservato agli iscritti\u00a0<a href=\"https:\/\/consperth.esteri.it\/it\/servizi-consolari-e-visti\/servizi-per-il-cittadino-italiano\/anagrafe-degli-italiani-residenti-allestero-aire\/\"><strong>AIRE<\/strong><\/a> ed a coloro che possono dimostrare la propria permanenza all&#8217;estero <strong>da almeno 6 mesi<\/strong>. Una volta recatisi in Italia, sar\u00e0 possibile richiedere il rinnovo della patente presso gli uffici della Motorizzazione territorialmente competenti, ai sensi della <strong><a href=\"https:\/\/consperth.esteri.it\/it\/servizi-consolari-e-visti\/servizi-per-il-cittadino-italiano\/autoveicoli-e-patenti-di-guida\/circolare-mit-rinnovo-patenti\/\">Circolare del Ministero dei Trasporti\u00a0 n. A23\/2000.\u00a0<\/a>\u00a0<\/strong><\/p>\n<h4 style=\"text-align: left;\">Per richiedere la convalida \u00e8 necessario scaricare, compilare <span style=\"text-decoration: underline;\"><strong>a video e successivamente salvare i dati inseriti<\/strong><\/span>, esclusivamente con <a href=\"https:\/\/get.adobe.com\/it\/reader\/\" target=\"_blank\" rel=\"noopener\">Adobe Acrobat Reader<\/a> (programma <span style=\"text-decoration: underline;\">gratuito<\/span>) &#8211; non da browser\/navigatore o altro programma PDF compatibile<strong> &#8211; <a href=\"https:\/\/consperth.esteri.it\/wp-content\/uploads\/2025\/07\/Modulo-per-la-richiesta-della-convalida-della-patente-di-guida.pdf\" target=\"_blank\" rel=\"noopener\">questo formulario di richiesta<\/a>; <\/strong><br \/>\n<span style=\"color: #ff0000;\"><br \/>\n<strong>ATTENZIONE:<\/strong><\/span><\/h4>\n<p>&nbsp;<\/p>\n<ul>\n<li><strong><span style=\"color: #ff0000;\">il formulario di richiesta <span style=\"text-decoration: underline;\">deve<\/span> essere inviato a questo Consolato nella sua forma originale;<\/span><\/strong><\/li>\n<li><strong><strong><span style=\"color: #ff0000;\">ovvero, contenente i dati richiesti per la loro successiva importazione nei nostri sistemi informatici.<\/span><\/strong><\/strong><\/li>\n<li><strong><strong><span style=\"color: #ff0000;\">NON deve essere stampato e poi fotografato o scannerizzato, n\u00e9 pu\u00f2 essere compilato a mano, perch\u00e9 questo ne vanifica l&#8217; utilit\u00e0.<\/span><\/strong><\/strong><\/li>\n<li><strong><strong><span style=\"color: #ff0000;\">Assicurarsi che il modulo di richiesta contenga le informazioni inserite chiudendolo e poi riaprendolo.<\/span><\/strong><\/strong><\/li>\n<li><strong><strong><span style=\"color: #ff0000;\">Il formulario deve essere quindi inviato a perth.consolato@esteri.it indicando come oggetto &#8220;Richiesta convalida patente &#8211; NOME, COGNOME&#8221;, sostituendo NOME e COGNOME con le proprie generalit\u00e0;\u00a0<\/span><\/strong><\/strong><\/li>\n<li><strong><strong><span style=\"color: #ff0000;\">Le richieste realizzate con un modulo non compilato correttamente o incompleto e che quindi non contiene i dati necessari <span style=\"text-decoration: underline;\">SARANNO RIFIUTATE<\/span>.<\/span><\/strong><\/strong><\/li>\n<\/ul>\n<p>&nbsp;<\/p>\n<p><strong>E&#8217; necessario allegare all&#8217;email i seguenti documenti (un file per documento, NON tutti in un singolo file, scansionati a colori a 300 dpi e leggibili), che il giorno dell&#8217;appuntamento dovranno poi essere presentati in Consolato in versione originale:<\/strong><\/p>\n<ol>\n<li><strong>patente (fronte e retro in scadenza o scaduta<\/strong>;<\/li>\n<li><strong>prova dell&#8217;attuale\u00a0indirizzo di residenza<\/strong> (patente di guida australiana);<\/li>\n<li><strong>certificato medico<\/strong>\u00a0(il modello \u00e8 disponibile\u00a0<a href=\"https:\/\/consperth.esteri.it\/wp-content\/uploads\/2023\/04\/58241_f_cons57Modellocertificatomedico.pdf\"><strong>QUI<\/strong><\/a>) rilasciato da uno dei nostri medici abilitati (v.\u00a0<a href=\"https:\/\/consperth.esteri.it\/it\/servizi-consolari-e-visti\/servizi-per-il-cittadino-italiano\/contatti-dei-professionisti-di-riferimento\/\"><strong>elenco<\/strong><\/a>) da non oltre 3 mesi;<\/li>\n<li>una foto formato tessera con fondo <span style=\"text-decoration: underline;\"><strong>bianco<\/strong><\/span><\/li>\n<li>solo per i non iscritti all&#8217;AIRE di questa circoscrizione consolare del Western Australia, copia della <strong>prova di aver risieduto continuativamente in questa circoscrizione nei sei mesi immediatamente precedenti la data della presentazione della richiesta di convalida<\/strong>: a solo titolo di esempio, almeno uno dei seguenti: contratto d&#8217;affitto di durata superiore a sei mesi con data di stipula superiore a sei mesi anteriori la data della presentazione della domanda; ricevute del pagamento dell&#8217;affitto con gli stessi criteri del contratto &#8211; solo le ricevute rilasciate dell&#8217;agenzia immobiliare che amministra la propriet\u00e0 e quindi stampate sulla loro carta intestata ufficiale sono accettabili; &#8220;<a href=\"https:\/\/immi.homeaffairs.gov.au\/help-support\/departmental-forms\/online-forms\/request-international-movement-records\" target=\"_blank\" rel=\"noopener\">international movement record<\/a>&#8221; rilasciato dal Dipartimento dell&#8217;Immigrazione; bollette di servizi tali come acqua, luce o gas per tutto il periodo in oggetto; buste paga australiane (payslips) per l&#8217;intero periodo in oggetto; si sottolinea che <span style=\"text-decoration: underline;\"><strong>\u00e8 obbligo, non opzione<\/strong><\/span>, del cittadino italiano iscriversi all&#8217; A.I.R.E. a prescindere dal tipo dio visto australiano posseduto (quindi include tutti i visti temporanei, permanenti\u00a0 e chi \u00e8 anche cittadino australiano) se si risiede all&#8217;estero per oltre 12 mesi oppure si intenda risiedere all&#8217;estero per oltre 12 mesi; <span style=\"text-decoration: underline;\"><strong>dal 1mo gennaio 2024 \u00e8 facolt\u00e0 dei Comuni comminare fino a euro 1000 di multa in caso di iscrizione tardiva.<\/strong><\/span><\/li>\n<\/ol>\n<p>Quando la convalida sar\u00e0 pronta, il richiedente sar\u00e0 contattato per concordare una data ed un giorno per il ritiro del documento e provvedere al pagamento della tariffa consolare in vigore, il cui importo aggiornato \u00e8 disponibile cliccando <a href=\"https:\/\/consperth.esteri.it\/it\/servizi-consolari-e-visti\/servizi-per-il-cittadino-italiano\/tariffario\/\"><strong>QUI<\/strong><\/a>. Quel giorno sar\u00e0 indispensabile avere con s\u00e9 tutti i documenti su elencati, <strong>solo in versione originale, pena l&#8217; impossibilit\u00e0 del rilascio della convalida<\/strong>.<\/p>\n<p><strong>NOTA<\/strong>: Il rilascio di una <strong>nuova patente<\/strong>, anche in caso di furto\/smarrimento\/deterioramento, potr\u00e0 essere richiesto <strong><span style=\"text-decoration: underline;\">solo<\/span> <\/strong>agli uffici della propria Motorizzazione Civile in base al proprio Comune di residenza (anagrafica o AIRE) nei seguenti modi:<\/p>\n<ol>\n<li>presentandosi di persona (anche durante un breve periodo di permanenza in Italia);<\/li>\n<li>inviando un incaricato provvisto di delega;<\/li>\n<li>tramite un&#8217;agenzia di pratiche auto.<\/li>\n<\/ol>\n<p>Il richiedente ricever\u00e0 la nuova patente per posta al proprio indirizzo di residenza in Italia.<\/p>\n<p>Si ricorda anche che chi \u00e8 in possesso della convalida consolare ha l&#8217;obbligo,\u00a0<strong>entro sei mesi dalla riacquisizione della residenza in Italia<\/strong>, di rinnovare la patente stessa secondo la procedura ordinaria prevista al comma 8 dell&#8217;art. 126 del Codice della strada, quindi anche nel caso in cui il rinnovo fatto presso il Consolato italiano sia ancora valido. Inoltre, sar\u00e0 necessario\u00a0<strong>conservare sempre l&#8217;attestazione unita alla patente di guida<\/strong>\u00a0e in particolare esibirla per effettuare la visita medica per la conferma di validit\u00e0 in Italia, al fine di provare, al medico accertatore, l&#8217;avvenuto rinnovo all&#8217;estero e quindi di dimostrare l&#8217;assenza di periodi di mancato esercizio alla guida.<\/p>\n<p>In caso di richiesta di nuova patente, va ricordato che il certificato medico australiano non \u00e8 riconosciuto, pertanto il richiedente dovr\u00e0 allegare alla documentazione di rito anche un\u00a0<strong>nuovo<\/strong>\u00a0certificato di abilitazione alla guida, con visita medica da sostenere in Italia.<\/p>\n<p>Infine, se la patente in questione \u00e8 ancora valida oppure \u00e8 scaduta da meno di un anno e il titolare ha pi\u00f9 di 25 anni, questi pu\u00f2 rivolgersi agli uffici del\u00a0<strong><a href=\"http:\/\/www.transport.wa.gov.au\/licensing\/transferring-your-overseas-licence.asp\">Dipartimento dei Trasporti del WA<\/a><\/strong>\u00a0e richiedere una patente australiana.<\/p>\n<p>&nbsp;<\/p>\n<table class=\"table\">\n<tbody>\n<tr>\n<td>\n<ul>\n<li><span style=\"color: #ff0000;\"><strong>Quando la patente \u00e8 scaduta da pi\u00f9 di 5 anni, non pu\u00f2 pi\u00f9 essere rilasciata alcuna convalida e il titolare deve recarsi in Italia per sostenere un nuovo esame di guida.<\/strong><\/span><\/li>\n<li><span style=\"color: #ff0000;\"><strong>IN CASO DI SCADENZA, LE RICHIESTE DI NUOVA PATENTE PRESENTATE DAGLI ISCRITTI ALL&#8217;AIRE DEVONO OBBLIGATORIAMENTE ESSERE ACCOMPAGNATE DALLA CONVALIDA CONSOLARE!<\/strong><\/span><\/li>\n<\/ul>\n<\/td>\n<\/tr>\n<\/tbody>\n<\/table>\n<p><span style=\"color: #3366ff;\"><strong>Validit\u00e0 temporale dell&#8217;attestazione:<\/strong><\/span><\/p>\n<p>Patenti categoria A e B: 10 anni agli infra50enni e 5 anni agli ultra50enni;<\/p>\n<p>Patente categoria C: 5 anni agli infra70enni e 3 anni agli ultra70enni;<\/p>\n<p>Patente categoria D: 5 anni e valide solo al 65mo anno di et\u00e0;<\/p>\n<p>Patente categoria E: vedi patenti categorie B, C e D;<\/p>\n<p>Patenti categorie A, B e C speciali; non possono essere rinnovate all&#8217;estero.<\/p>\n<p>&nbsp;<\/p>\n<p><span style=\"color: #3366ff;\"><strong>TRADUZIONE DELLA PATENTE<\/strong><\/span><\/p>\n<p>A seguito dell&#8217;entrata in vigore della riforma del codice della strada, la nuova disciplina inerente alla &#8220;<strong>Circolazione con patenti di guida rilasciate da Stati non appartenenti all&#8217;Unione europea o allo Spazio economico europeo<\/strong>&#8221; viene dettata dall&#8217;articolo 135.1 della suddetta legge: <span class=\"art_text_in_comma\">&#8220;Fermo restando quanto previsto in convenzioni internazionali, i titolari di patente di guida rilasciata da uno Stato non appartenente all&#8217;Unione europea o allo Spazio economico europeo possono condurre sul territorio nazionale veicoli alla cui guida la patente posseduta li abilita, a condizione che non siano residenti in Italia da oltre un anno e che, unitamente alla medesima patente, abbiano un permesso internazionale ovvero una traduzione ufficiale in lingua italiana della predetta patente. La patente di guida ed il permesso internazionale devono essere in corso di validit\u00e0&#8221;.<\/span><\/p>\n<p>Pertanto, si sottolinea che in Italia si dovr\u00e0 guidare muniti di una patente australiana accompagnata da un&#8217;apposita traduzione (effettuata da un traduttore certificato <a href=\"https:\/\/www.naati.com.au\/\" target=\"_blank\" rel=\"noopener\">NAATI<\/a>) o da una patente internazionale.<\/p>\n<p>&nbsp;<\/p>\n<p><span style=\"color: #3366ff;\"><strong>PATENTI NAUTICHE<\/strong><\/span><\/p>\n<p>Il Consolato non ha competenza in materia di patenti nautiche e non pu\u00f2 rilasciare alcuna convalida o attestato.<br \/>\nColoro che avessero necessit\u00e0 di procedere alla convalida di una patente nautica devono rivolgersi alla Capitaneria di Porto che l&#8217;ha emessa, inviando apposito\u00a0<a href=\"https:\/\/consperth.esteri.it\/wp-content\/uploads\/2023\/04\/modellounicopatenti_new.pdf\"><strong>modulo di domanda<\/strong><\/a>,\u00a0<a href=\"https:\/\/consperth.esteri.it\/wp-content\/uploads\/2023\/04\/certificato-medico-per-convalida-patente-nautica-all.-I-annesso-1-e-2.pdf\"><strong>certificato medico<\/strong><\/a>\u00a0(rilasciato da uno dei\u00a0<a href=\"https:\/\/consperth.esteri.it\/it\/servizi-consolari-e-visti\/servizi-per-il-cittadino-italiano\/contatti-dei-professionisti-di-riferimento\/\"><strong>medici di fiducia del Consolato<\/strong><\/a>) e pagamento dell&#8217;<a href=\"https:\/\/www.agenziaentrate.gov.it\/portale\/web\/guest\/schede\/pagamenti\/imposta-di-bollo-per-le-istanze-trasmesse-alla-pa-ebollo-cittadini\/che-cose-cittadini\"><strong>imposta di bollo<\/strong><\/a>.<br \/>\nPer eventuali quesiti \u00e8 necessario rivolgersi alla Capitaneria di Porto competente per territorio.<\/p>\n","protected":false},"excerpt":{"rendered":"ATTESTAZIONE CONSOLARE DI CONFERMA DELLA VALIDIT\u00c0 DELLA PATENTE DI GUIDA (CONVALIDA DELLA PATENTE) LEGGERE ATTENTAMENTE TUTTE QUESTE ISTRUZIONI ED ASSICURARSI DI AVERLE CAPITE. La patente italiana, in scadenza o scaduta,\u00a0non pu\u00f2 essere rinnovata\u00a0e deve necessariamente essere sostituita con una nuova. Nel caso di patenti in prossimit\u00e0 di scadenza (4 mesi) o scadute da non pi\u00f9 [&hellip;]","protected":false},"author":1,"featured_media":0,"parent":46,"menu_order":7,"comment_status":"closed","ping_status":"closed","template":"","meta":{"footnotes":""},"class_list":["post-151","page","type-page","status-publish","hentry"],"_links":{"self":[{"href":"https:\/\/consperth.esteri.it\/it\/wp-json\/wp\/v2\/pages\/151","targetHints":{"allow":["GET"]}}],"collection":[{"href":"https:\/\/consperth.esteri.it\/it\/wp-json\/wp\/v2\/pages"}],"about":[{"href":"https:\/\/consperth.esteri.it\/it\/wp-json\/wp\/v2\/types\/page"}],"author":[{"embeddable":true,"href":"https:\/\/consperth.esteri.it\/it\/wp-json\/wp\/v2\/users\/1"}],"replies":[{"embeddable":true,"href":"https:\/\/consperth.esteri.it\/it\/wp-json\/wp\/v2\/comments?post=151"}],"version-history":[{"count":7,"href":"https:\/\/consperth.esteri.it\/it\/wp-json\/wp\/v2\/pages\/151\/revisions"}],"predecessor-version":[{"id":4927,"href":"https:\/\/consperth.esteri.it\/it\/wp-json\/wp\/v2\/pages\/151\/revisions\/4927"}],"up":[{"embeddable":true,"href":"https:\/\/consperth.esteri.it\/it\/wp-json\/wp\/v2\/pages\/46"}],"wp:attachment":[{"href":"https:\/\/consperth.esteri.it\/it\/wp-json\/wp\/v2\/media?parent=151"}],"curies":[{"name":"wp","href":"https:\/\/api.w.org\/{rel}","templated":true}]}}