{"id":149,"date":"2023-03-06T20:28:06","date_gmt":"2023-03-06T19:28:06","guid":{"rendered":"https:\/\/consperth.esteri.it\/?page_id=149"},"modified":"2026-01-02T11:07:54","modified_gmt":"2026-01-02T03:07:54","slug":"servizi-notarili","status":"publish","type":"page","link":"https:\/\/consperth.esteri.it\/it\/servizi-consolari-e-visti\/servizi-per-il-cittadino-italiano\/servizi-notarili\/","title":{"rendered":"Procure e altri servizi notarili"},"content":{"rendered":"<p><strong>INTRODUZIONE<\/strong><\/p>\n<p style=\"text-align: justify;\">Ai sensi dell&#8217;art. 28 del Decreto Legislativo 3 febbraio 2011, n. 71 \u201cOrdinamento e funzioni degli Uffici consolari\u201d,\u00a0 il Consolato d&#8217;Italia a Perth esercita \u2013 <strong>esclusivamente nei confronti di cittadini italiani che si trovano in Western Australia\u00a0 in via permanente o temporanea<\/strong> \u2013 alcune funzioni notarili previste dal nostro ordinamento. Essenzialmente si tratta del ricevimento di atti pubblici (procure, testamenti), di atti notori, di autenticazioni e di sottoscrizioni apposte a scritture private.<\/p>\n<p style=\"text-align: justify;\">Fanno eccezione solo\u00a0 gli atti che devono essere sottoscritti da cittadini stranieri assieme a cittadini italiani, nonch\u00e9 gli atti notori ad uso matrimonio da contrarre in Italia da parte di cittadini australiani e statunitensi.<\/p>\n<p>&nbsp;<\/p>\n<p><strong>A titolo esemplificativo, ma non esaustivo, l\u2019ufficio consolare cura la predisposizione dei seguenti atti:<\/strong><\/p>\n<ul>\n<li>procure generali<\/li>\n<li>procure speciali (per compravendita di beni immobili o mobili registrati, quote societarie o per il compimento di atti successori,<\/li>\n<li>procure alle liti;<\/li>\n<li>revoche di procure generali, speciali e alle liti;<\/li>\n<li>atti notori;<\/li>\n<li>convenzioni matrimoniali<\/li>\n<li>autentiche di firme su scritture private<\/li>\n<li>testamenti<\/li>\n<li>procure per atti di donazione<\/li>\n<li>procure per atti di accettazione e rinuncia ad eredit\u00e0;<\/li>\n<li>rilascio di copie autentiche di atti contenuti nel repertorio notarile consolare<\/li>\n<\/ul>\n<p>&nbsp;<\/p>\n<p><strong>PROCEDURA\u00a0<\/strong><\/p>\n<ol>\n<li>Gli interessati devono innanzitutto inviare una email all&#8217;indirizzo <strong>perth.notarile@esteri.it<\/strong> , indicando i dati anagrafici dei soggetti coinvolti (es. mandanti,\u00a0 procuratori, coniugi in comunione dei beni, <em>de cuius<\/em>, ecc.)\u00a0 un recapito telefonico e specificando\u00a0 il tipo di servizio notarile richiesto tra quelli sopra elencati.<\/li>\n<li><strong>Al fine di accelerare il procedimento, si raccomanda\u00a0 inoltre\u00a0 l&#8217;invio\u00a0 nella stessa email di una bozza dell&#8217;atto notarile richiesto in formato WORD\u00a0 redatta dal notaio o da un consulente legale;\u00a0 qualora impossibilitato ad ottenere la bozza da un notaio e da un consulente legale, l&#8217;interessato potr\u00e0 richiedere un modello di atto notarile rispondente al servizio richiesto direttamente all&#8217;ufficio consolare che provveder\u00e0 a inoltrarlo in formato WORD\u00a0 al richiedente per la successiva compilazione delle parti mancanti.\u00a0\u00a0<\/strong><\/li>\n<li style=\"text-align: justify;\">Una volta ricevuta la bozza\u00a0 di cui al punto 2, il Consolato elaborer\u00e0 l&#8217;atto notarile\u00a0 e contatter\u00e0 l&#8217;interessato via email\u00a0 per invitarlo a prenotare un appuntamento in Consolato attraverso la piattaforma online <a href=\"https:\/\/prenotami.esteri.it\">PRENOTAMI<\/a>\u00a0 \u00a0All&#8217;appuntamento, l&#8217;interessato dovr\u00e0 presentarsi\u00a0 munito di un valido documento\u00a0 di identit\u00e0 &#8211;\u00a0 per la firma e la consegna dell&#8217;atto\u00a0 richiesto.\u00a0 <strong>Gli sportelli del Consolato\u00a0 sono\u00a0 abitualmente aperti al pubblico per i servizi notarli di marted\u00ec o gioved\u00ec e ricevono solo su prenotazione che dovr\u00e0 essere effettuata esclusivamente attraverso la piattaforma <a href=\"https:\/\/prenotami.esteri.it\">PRENOTAMI<\/a>\u00a0 \u00a0<\/strong><\/li>\n<li style=\"text-align: justify;\">Una volta ricevuta la procura o altro atto\u00a0 notarile, \u00e8 cura esclusiva del richiedente far pervenire il documento in Italia. Tuttavia, su richiesta scritta ed espressa\u00a0 dello studio notarile interessato\u00a0 (o altro destinatario finale dell\u2019atto), il Consolato potr\u00e0 trasmettere via PEC\u00a0 \u00a0l\u2019atto notarile <strong>in formato\u00a0 elettronico, firmato digitalmente e accompagnato da una\u00a0 dichiarazione di conformit\u00e0 agli originali cartacei <\/strong>\u00a0(ai sensi dell\u2019art. 22, comma 2, d.lgs. 7 marzo 2005, n.82). \u00a0In caso di richiesta di trasmissione a mezzo PEC,\u00a0 <strong>l\u2019originale cartaceo dell&#8217;atto notarile sar\u00e0\u00a0 custodito agli atti consolari e non potr\u00e0 essere consegnato al mandante<\/strong>, che ne ricever\u00e0 copia\u00a0 di cortesia o, nel caso di procura generale, uno o pi\u00f9 \u00a0esemplari in <strong>copia autentica.\u00a0<\/strong><\/li>\n<\/ol>\n<p>Per\u00a0 gli importi e modalit\u00e0 di pagamento \u00e8 possibile\u00a0 consultare il tariffario consolare pubblicato all&#8217;interno di questo sito web.<\/p>\n<h4><\/h4>\n<p><strong>Studi notarili locali\u00a0<\/strong><\/p>\n<p style=\"text-align: justify;\">I richiedenti che non fossero cittadini italiani (o per i cittadini che\u00a0 non fossero in grado di esprimersi correntemente in lingua italiana) ed avessero necessit\u00e0 di atti o servizi notarili da far valere in Italia devono rivolgersi a uno studio notarile locale. Per scongiurare la necessit\u00e0 di traduzioni e relative dichiarazioni di conformit\u00e0 da parte di questo o altri Consolati, un\u2019eventuale procura dovr\u00e0 sempre essere conferita con testo redatto <strong>in lingua italiana<\/strong>, mentre la firma del notaio dovr\u00e0 poi essere necessariamente autenticata mediante apposizione di\u00a0<em>apost\u00eclle<\/em>\u00a0da parte del\u00a0<strong><a href=\"https:\/\/www.dfat.gov.au\/about-us\/our-services\/apostilles-authentications-certificates-of-no-impediment-to-marriage\/Pages\/apostilles-authentications-and-certificates-of-no-impediment-to-marriage\">DFAT di Perth<\/a><\/strong>. Seguono i contatti degli studi notarili locali che hanno confermato a questo Consolato la propria disponibilit\u00e0 a fornire detto servizio:<\/p>\n<table class=\"table\">\n<tbody>\n<tr>\n<td><strong>Paul D\u2019ANGELO<\/strong><br \/>\nD\u2019Angelo Legal<br \/>\nP.O. Box 1953, West Perth WA 6872<br \/>\nLevel 3, 849 Wellington Street, West Perth WA 6005<br \/>\nTel.: (08) 9381 1147<br \/>\ne-mail:\u00a0<a href=\"mailto:info@dangelolegal.com.au\">info@dangelolegal.com.au<\/a><strong>Joseph CIANFRINI<\/strong><br \/>\nJNC LEGAL<br \/>\nSuite 3, Rosslyn Street, West Leederville WA 6007<br \/>\nTel. (08) 9381 5355<\/p>\n<p><a href=\"mailto:admin@jnclegal.com.au\">admin@jnclegal.com.au<\/a><\/td>\n<td><strong>Michael PIU<br \/>\n<\/strong>Notary Public<br \/>\nP.O. Box 156 Palmyra WA 6957<br \/>\nTel.: (04) 1600 1767<br \/>\ne-mail:\u00a0<a href=\"mailto:michael@piu.net.au\">michael@piu.net.au<\/a>&nbsp;<\/td>\n<\/tr>\n<\/tbody>\n<\/table>\n<p>&nbsp;<\/p>\n","protected":false},"excerpt":{"rendered":"INTRODUZIONE Ai sensi dell&#8217;art. 28 del Decreto Legislativo 3 febbraio 2011, n. 71 \u201cOrdinamento e funzioni degli Uffici consolari\u201d,\u00a0 il Consolato d&#8217;Italia a Perth esercita \u2013 esclusivamente nei confronti di cittadini italiani che si trovano in Western Australia\u00a0 in via permanente o temporanea \u2013 alcune funzioni notarili previste dal nostro ordinamento. Essenzialmente si tratta del [&hellip;]","protected":false},"author":1,"featured_media":0,"parent":46,"menu_order":9,"comment_status":"closed","ping_status":"closed","template":"","meta":{"footnotes":""},"class_list":["post-149","page","type-page","status-publish","hentry"],"_links":{"self":[{"href":"https:\/\/consperth.esteri.it\/it\/wp-json\/wp\/v2\/pages\/149","targetHints":{"allow":["GET"]}}],"collection":[{"href":"https:\/\/consperth.esteri.it\/it\/wp-json\/wp\/v2\/pages"}],"about":[{"href":"https:\/\/consperth.esteri.it\/it\/wp-json\/wp\/v2\/types\/page"}],"author":[{"embeddable":true,"href":"https:\/\/consperth.esteri.it\/it\/wp-json\/wp\/v2\/users\/1"}],"replies":[{"embeddable":true,"href":"https:\/\/consperth.esteri.it\/it\/wp-json\/wp\/v2\/comments?post=149"}],"version-history":[{"count":6,"href":"https:\/\/consperth.esteri.it\/it\/wp-json\/wp\/v2\/pages\/149\/revisions"}],"predecessor-version":[{"id":4517,"href":"https:\/\/consperth.esteri.it\/it\/wp-json\/wp\/v2\/pages\/149\/revisions\/4517"}],"up":[{"embeddable":true,"href":"https:\/\/consperth.esteri.it\/it\/wp-json\/wp\/v2\/pages\/46"}],"wp:attachment":[{"href":"https:\/\/consperth.esteri.it\/it\/wp-json\/wp\/v2\/media?parent=149"}],"curies":[{"name":"wp","href":"https:\/\/api.w.org\/{rel}","templated":true}]}}