{"id":144,"date":"2023-03-06T20:27:06","date_gmt":"2023-03-06T19:27:06","guid":{"rendered":"https:\/\/consperth.esteri.it\/?page_id=144"},"modified":"2025-11-11T15:16:52","modified_gmt":"2025-11-11T07:16:52","slug":"emergency-travel-documents-etd","status":"publish","type":"page","link":"https:\/\/consperth.esteri.it\/it\/servizi-consolari-e-visti\/servizi-per-il-cittadino-italiano\/emergency-travel-documents-etd\/","title":{"rendered":"Emergency Travel Documents (ETD)"},"content":{"rendered":"<p>L\u2019<strong>Emergency Travel Document (ETD)<\/strong>, \u00e8 un documento di viaggio provvisorio con validit\u00e0 <strong>massima di soli 5 giorni a partire dalla data di rilascio.<\/strong> Pu\u00f2 essere emesso solo in caso di furto o smarrimento del passaporto ed utilizzato per il solo rientro in Italia o verso lo Stato membro dell\u2019UE in cui il richiedente ha la residenza permanente comprovata dall\u2019iscrizione AIRE.<\/p>\n<p>In caso di transito aeroportuale, NON permette l\u2019ingresso temporaneo nello stato o territorio in cui lo scalo \u00e8 ubicato, anche se per il solo raggiungimento di un\u2019 altro terminale.<\/p>\n<p>Deve essere quindi premura del viaggiatore assicurarsi delle esatte circostanze e modalit\u00e0 del viaggio.<\/p>\n<p>Inviando una email a <strong>perth.passaporti@esteri.it<\/strong> ,\u00a0 i richiedenti possono segnalare l&#8217;esigenza di ottenere un ETD. Verranno ricontattati quanto prima con l&#8217;indicazione dell&#8217;appuntamento e della documentazione da portare in Consolato (2 fototessere <a href=\"http:\/\/consperth.esteri.it\/consolato_perth\/resource\/doc\/2018\/10\/icao_specifiche_foto.pdf\">formato ICAO<\/a>, copia del passaporto smarrito o altro documento di riconoscimento, titoli di viaggio verso l&#8217;Italia o l&#8217;altro Paese UE di residenza AIRE, atto di assenso in caso di figli minori).<\/p>\n<p>Il costo dell&#8217;ETD, come tutti i servizi consolari, varia ogni trimestre in base all&#8217;aggiornamento del tasso di cambio Euro-Dollaro Australiano. Il tariffario aggiornato \u00e8 sempre visibile <a href=\"https:\/\/consperth.esteri.it\/it\/servizi-consolari-e-visti\/servizi-per-il-cittadino-italiano\/tariffario\/\"><strong>qui<\/strong><\/a>.<\/p>\n","protected":false},"excerpt":{"rendered":"L\u2019Emergency Travel Document (ETD), \u00e8 un documento di viaggio provvisorio con validit\u00e0 massima di soli 5 giorni a partire dalla data di rilascio. Pu\u00f2 essere emesso solo in caso di furto o smarrimento del passaporto ed utilizzato per il solo rientro in Italia o verso lo Stato membro dell\u2019UE in cui il richiedente ha la [&hellip;]","protected":false},"author":1,"featured_media":0,"parent":46,"menu_order":6,"comment_status":"closed","ping_status":"closed","template":"","meta":{"footnotes":""},"class_list":["post-144","page","type-page","status-publish","hentry"],"_links":{"self":[{"href":"https:\/\/consperth.esteri.it\/it\/wp-json\/wp\/v2\/pages\/144","targetHints":{"allow":["GET"]}}],"collection":[{"href":"https:\/\/consperth.esteri.it\/it\/wp-json\/wp\/v2\/pages"}],"about":[{"href":"https:\/\/consperth.esteri.it\/it\/wp-json\/wp\/v2\/types\/page"}],"author":[{"embeddable":true,"href":"https:\/\/consperth.esteri.it\/it\/wp-json\/wp\/v2\/users\/1"}],"replies":[{"embeddable":true,"href":"https:\/\/consperth.esteri.it\/it\/wp-json\/wp\/v2\/comments?post=144"}],"version-history":[{"count":2,"href":"https:\/\/consperth.esteri.it\/it\/wp-json\/wp\/v2\/pages\/144\/revisions"}],"predecessor-version":[{"id":4309,"href":"https:\/\/consperth.esteri.it\/it\/wp-json\/wp\/v2\/pages\/144\/revisions\/4309"}],"up":[{"embeddable":true,"href":"https:\/\/consperth.esteri.it\/it\/wp-json\/wp\/v2\/pages\/46"}],"wp:attachment":[{"href":"https:\/\/consperth.esteri.it\/it\/wp-json\/wp\/v2\/media?parent=144"}],"curies":[{"name":"wp","href":"https:\/\/api.w.org\/{rel}","templated":true}]}}