{"id":143,"date":"2023-03-06T20:26:52","date_gmt":"2023-03-06T19:26:52","guid":{"rendered":"https:\/\/consperth.esteri.it\/?page_id=143"},"modified":"2025-12-10T14:23:45","modified_gmt":"2025-12-10T06:23:45","slug":"passaporti-e-carte-didentita","status":"publish","type":"page","link":"https:\/\/consperth.esteri.it\/it\/servizi-consolari-e-visti\/servizi-per-il-cittadino-italiano\/passaporti-e-carte-didentita\/","title":{"rendered":"Passaporto"},"content":{"rendered":"<h3><strong>In questa pagina:<\/strong><\/h3>\n<ol>\n<li><a href=\"#section1\"><span style=\"color: #0000ff;\"><strong>RILASCIO DEL PASSAPORTO AI CONNAZIONALI RESIDENTI IN AUSTRALIA OCCIDENTALE<\/strong><\/span><\/a><\/li>\n<li><a href=\"#section2\"><span style=\"color: #0000ff;\"><strong>RILASCIO DEL PASSAPORTO AI CONNAZIONALI NON RESIDENTI IN AUSTRALIA OCCIDENTALE<\/strong><\/span><\/a><\/li>\n<li><a href=\"#section3\"><span style=\"color: #0000ff;\"><strong>RILASCIO DEL PASSAPORTO: POSSIBILI IMPEDIMENTI E TEMPISTICA<\/strong><\/span><\/a><\/li>\n<li><a href=\"#section4\"><span style=\"color: #0000ff;\"><strong>COME SI OTTIENE IL RILASCIO DEL PASSAPORTO<\/strong><\/span><\/a><\/li>\n<li><a href=\"#section5\"><span style=\"color: #0000ff;\"><strong>DOCUMENTI NECESSARI<\/strong><\/span><\/a><\/li>\n<li><a href=\"#section6\"><span style=\"color: #0000ff;\"><strong>QUANDO RICHIEDERE IL PASSAPORTO<\/strong><\/span><\/a><\/li>\n<li><a href=\"#section7\"><span style=\"color: #0000ff;\"><strong>FURTO O SMARRIMENTO DEL PASSAPORTO ALL&#8217;ESTERO E DOCUMENTI DI VIAGGIO PROVVISORI<\/strong><\/span><\/a><\/li>\n<li><a href=\"#section8\"><span style=\"color: #0000ff;\"><strong>VALIDIT\u00c0 DEL PASSAPORTO<\/strong><\/span><\/a><\/li>\n<li><a href=\"#section9\"><span style=\"color: #0000ff;\"><strong>RILASCIO DEL PASSAPORTO A GENITORI DI FIGLI MINORENNI<\/strong><\/span><\/a><\/li>\n<li><a href=\"#section10\"><span style=\"color: #0000ff;\"><strong>RILASCIO DEL PASSAPORTO A MINORENNI &#8211; <\/span><span style=\"color:red;\"><strong>ATTENZIONE: I MINORI DI QUALUNQUE ETA&#8217; DEVONO ESSERE PRESENTI.<\/strong><\/span><\/a><\/li>\n<li><a href=\"#section11\"><span style=\"color: #0000ff;\"><strong>ATTO DI ASSENSO<\/strong><\/span><\/a><\/li>\n<li><a href=\"#section12\"><span style=\"color: #0000ff;\"><strong>DICHIARAZIONE DI ACCOMPAGNAMENTO PER MINORI DI\u00a0<\/strong><strong>ANNI <\/strong><strong>14.<\/strong><\/span><\/a><\/li>\n<li><a href=\"#section13\"><span style=\"color: #0000ff;\"><strong>SE NON E&#8217; POSSIBILE IL RILASCIO DEL PASSAPORTO (ETD):<\/strong><\/span><\/a><\/li>\n<li><a href=\"#section14\"><span style=\"color: #0000ff;\"><strong>RICONOSCIMENTO DELLA CITTADINANZA<\/strong><\/span><\/a><\/li>\n<\/ol>\n<hr \/>\n<section id=\"section1\"><span style=\"color: #808000;\"><strong>1. RILASCIO DEL PASSAPORTO AI CONNAZIONALI RESIDENTI IN AUSTRALIA OCCIDENTALE<\/strong><\/span><\/section>\n<p>In generale, la domanda di rilascio del passaporto deve essere presentata all\u2019Ufficio competente territorialmente in base alla residenza del richiedente (in Italia, le Questure).<\/p>\n<p><strong>Il Consolato d&#8217;Italia a Perth \u00e8 competente per il rilascio dei passaporti ai connazionali residenti in Western Australia<\/strong> e <a href=\"https:\/\/consperth.esteri.it\/it\/servizi-consolari-e-visti\/servizi-per-il-cittadino-italiano\/anagrafe-degli-italiani-residenti-allestero-aire\/\">regolarmente iscritti all\u2019AIRE<\/a> (Anagrafe degli Italiani Residenti all&#8217;Estero). Si ricorda che <strong>chi risiede o intende risiedere all&#8217;estero per pi\u00f9 di 12 mesi <\/strong>ha <strong>l&#8217;obbligo di iscriversi all&#8217;AIRE<\/strong> presso il proprio Consolato di riferimento, premurandosi al contempo di regolarizzare la propria posizione di stato civile (eventuali matrimoni, divorzi e\/o nascite di figli).<\/p>\n<section id=\"section2\"><span style=\"color: #808000;\"><strong><span style=\"color: #339966;\">2. RILASCIO<\/span> DEL PASSAPORTO AI CONNAZIONALI NON RESIDENTI IN AUSTRALIA OCCIDENTALE<\/strong><\/span><\/section>\n<p>In casi del tutto eccezionali, il Consolato a Perth pu\u00f2 rilasciare il passaporto anche in favore di cittadini Italiani non residenti in Australia Occidentale e non iscritti all\u2019AIRE; in tali casi il passaporto non pu\u00f2 tuttavia essere rilasciato a vista, essendo necessario per il Consolato acquisire preventivamente il nulla osta e la delega da parte della Questura o del Consolato d&#8217;Italia competente per residenza. procedura che allunga i tempi di rilascio di diversi giorni (e fino a circa a un mese).<\/p>\n<section id=\"section3\"><span style=\"color: #339966;\"><strong>3. RILASCIO DEL PASSAPORTO: POSSIBILI IMPEDIMENTI E <span style=\"text-decoration: underline;\">TEMPISTICA<\/span>;<\/strong><\/span><\/section>\n<p>Il rilascio del passaporto avviene &#8220;<em>a vista<\/em>&#8220;, cio\u00e8 nell&#8217;arco di massimo trenta minuti, <span style=\"text-decoration: underline;\"><strong>salvo che<\/strong><\/span>:<\/p>\n<ol>\n<li>si sia residenti in altra circoscrizione consolare;<\/li>\n<li>esiste un problema tecnico che lo impedisca; per esempio, perdita della connettivit\u00e0 internet o altro imprevedibile impedimento tecnico;<\/li>\n<li>impossibilit\u00e0 a procedere al pagamento: per esempio, malfunzionamento della carta di debito o della nostra macchinetta EFTPOS e non disponibilit\u00e0 di contante esatto;<\/li>\n<li>presenza di &#8220;<em>cause ostative<\/em>&#8220;; in questo caso, \u00e8 nostro obbligo chiedere alla Questura competente in Italia il Nulla Osta al rilascio del passaporto ed attendere la risposta;<\/li>\n<li>mancata iscrizione AIRE; l&#8217; iscrizione all&#8217;AIRE \u00e8 obbligatoria (vedi sezione AIRE) e la sua mancanza pu\u00f2, in certe circostanze, causare una multa di fino a mille euro per ogni anno di mancata iscrizione; nei casi in cui l&#8217; iscrizione nelle circostanze non sia dovuta, \u00e8 comunque nostro obbligo richiedere Nulla Osta e delega alla questura competente in Italia ed attendere.<\/li>\n<li>Indirizzo residenziale o altri dati non aggiornati nel nostro database AIRE; tutta l&#8217; anagrafica deve essere aggiornata prima di poter emettere un passaporto;<\/li>\n<\/ol>\n<section id=\"section4\"><span style=\"color: #808000;\"><strong>4. COME SI OTTIENE IL RILASCIO DEL PASSAPORTO<\/strong><\/span><\/section>\n<p>A partire dal giorno 8 gennaio 2024, il Consolato offre la possibilit\u00e0 a tutti i connazionali <strong>over 65 e alle donne in <span style=\"text-decoration: underline;\">evidente<\/span> stato di gravidanza<\/strong> regolarmente iscritti\/e all&#8217; AIRE di questo Consolato di ottenere il rilascio del passaporto a vista <strong>senza bisogno di prendere appuntamento<\/strong>, semplicemente presentandosi in Consolato<strong> tutti i marted\u00ec e gioved\u00ec dalle ore 09:00 alle ore 12:00.<\/strong><strong>In tutti gli altri casi<\/strong> (e naturalmente anche per gli over 65 o le donne in\u00a0 gravidanza che lo preferissero) occorre<a href=\"https:\/\/prenotami.esteri.it\/UserArea\"> fissare un appuntamento per il passaporto sul portale\u00a0Prenot@M<\/a>i, che offrir\u00e0 all&#8217;utente il primo slot disponibile.La durata massima degli slot passaporti \u00e8 di 30 minuti; \u00e8 necessario prenotare uno slot per ogni passaporto; non \u00e8 possibile emettere pi\u00f9 di un passaporto per ogni slot.<\/p>\n<p>Prima di presentarsi all\u2019appuntamento, assicurarsi di avere tutto il necessario. E&#8217; necessario portare con se una carta di debito fisica oppure l\u2019importo esatto in contanti per il pagamento.<\/p>\n<p>In caso di mancanza di un documento necessario, non sar\u00e0 possibile dare seguito alla richiesta. In tal caso si dovr\u00e0 fissare un nuovo appuntamento e tornare.<\/p>\n<p>\u00c8 obbligatorio fissare un appuntamento prima di presentarsi. In mancanza di un appuntamento e solamente in casi di giustificata necessit\u00e0, per il rientro in Italia o nel Paese di residenza, sar\u00e0 comunque dovuto il pagamento dei diritti di urgenza.<\/p>\n<p>Assicurarsi di calcolare un tempo sufficiente per trovare parcheggio (se su viaggia in auto).<\/p>\n<p>E&#8217; richiesto presentarsi con almeno 10 minuti di anticipo rispetto all\u2019orario previsto; in caso di ritardi di oltre 5 (cinque) minuti, si perder\u00e0 l&#8217; appuntamento e sar\u00e0 necessario fissarne uno nuovo e tornare un&#8217; altro giorno.<\/p>\n<p>Si sottolinea che, nel caso di connazionali di sesso femminile, il passaporto pu\u00f2 essere rilasciato solamente con il cognome da nubile (se coniugate); opzionalmente e su una diversa pagina pu\u00f2 essere indicato il cognome del marito.<\/p>\n<section id=\"section5\"><span style=\"color: #ff0000;\"><strong>5. DOCUMENTI NECESSARI:<\/strong><\/span><\/section>\n<p>All&#8217;appuntamento occorrer\u00e0 portare:1) il vecchio passaporto italiano scaduto o in scadenza; se scaduto, anche un altro documento di identit\u00e0 valido, tale come, per esempio, la patente di guida, la carta d\u2019identit\u00e0 o il passaporto australiano;2) il contante <strong><span style=\"text-decoration: underline;\">esatto<\/span> <\/strong>oppure una carta di debito come in avanti indicato;<\/p>\n<p>3) esclusivamente per i bambini di et\u00e0 minore ad anni dieci e per gli adulti maggiori di anni 70, \u00e8 raccomandato portare una fotografia formato tessera, <span style=\"text-decoration: underline;\">esclusivamente su fondo bianco.\u00a0<\/span><\/p>\n<p>N.B.: Il <strong>Pagamento<\/strong> si pu\u00f2 effettuare esclusivamente\u00a0in contanti <strong>esatti<\/strong> in dollari australiani oppure con carta di debito fisica australiana (<span style=\"text-decoration: underline;\">con un sovrapprezzo di AUD 0,25 a carico dell&#8217;utente<\/span>) della quale si conosca il PIN; la carta non necessariamente deve appartenere al titolare del passaporto; <strong>NON\u00a0\u00e8 ammesso<\/strong> il pagamento in modalit\u00e0 <em>contactless<\/em> (ad esempio via ApplePay o GooglePay).<\/p>\n<section id=\"section6\"><strong><span style=\"color: #808000;\">6. QUANDO RICHIEDERE IL PASSAPORTO<\/span><\/strong><\/section>\n<p>Il passaporto pu\u00f2 essere richiesto dopo la scadenza del passaporto attuale oppure in prossimit\u00e0 della scadenza del passaporto attuale (ma non prima di 6 mesi) oppure in caso di furto, smarrimento o deterioramento del passaporto attuale oppure quando si ha documentata necessit\u00e0 di un passaporto con validit\u00e0 residua superiore a 6 mesi oppure quando l&#8217;attuale passaporto non contiene pagine sufficienti per l&#8217;apposizione di visti. In circostanze eccezionali, da dimostrare, che verranno valutate individualmente, potr\u00e0 essere rilasciato un passaporto nuovo nonostante il tempo di validit\u00e0 residua dell&#8217;attuale superi i sei mesi.Sul sito web\u00a0<a href=\"http:\/\/www.viaggiaresicuri.it\/\">www.viaggiaresicuri.it<\/a> sono disponibili, per ogni singolo Paese, oltre ad una serie di informazioni aggiornate, tutte le indicazioni circa il documento di riconoscimento richiesto per l\u2019ingresso nei diversi Paesi.<\/p>\n<section id=\"section7\"><strong><span style=\"color: #808000;\">7. FURTO O SMARRIMENTO DEL PASSAPORTO ALL&#8217;ESTERO E DOCUMENTI DI VIAGGIO PROVVISORI<\/span><\/strong><\/section>\n<p>In caso di passaporti rubati o smarriti, il Consolato deve darne notizia alle Autorit\u00e0 di Polizia in Italia. A tale fine \u00e8 necessario che i richiedenti si rechino immediatamente a sporgere denuncia di furto o smarrimento presso la <a href=\"https:\/\/www.wa.gov.au\/organisation\/western-australia-police-force\">Polizia del Western Australia<\/a> e che consegnino al Consolato copia o gli estremi numerici della denuncia.Qualora il cittadino italiano si trovi in una <strong>situazione di emergenza<\/strong> (ad esempio un turista in transito che deve partire tempestivamente e abbia perso o \u00e8 stato derubato del proprio passaporto) e non si faccia in tempo ad esperire la necessaria istruttoria per l\u2019emissione di un nuovo passaporto, l\u2019Ufficio consolare pu\u00f2 rilasciare un<strong> documento di viaggio provvisorio<\/strong>, chiamato anche E.T.D. (Emergency Travel Document), con validit\u00e0 per il solo viaggio di rientro in Italia <span style=\"text-decoration: underline;\">o<\/span>vvero nel Paese di stabile residenza all\u2019estero o, in casi eccezionali, per una diversa destinazione. Si sottolinea che l\u2019ETD non consente di viaggiare in altri Paesi ma solo di transitare dagli scali aeroportuali stranieri \u00a0<strong>a condizione che questi ultimi non prevedano l\u2019ingresso nel Paese di transito ma la sola permanenza nell\u2019area dei transiti internazionali dell\u2019aeroporto.<\/strong>Ulteriori informazioni sono disponibili nella sezione \u201c<a href=\"https:\/\/ambkiev.esteri.it\/it\/servizi-consolari-e-visti\/servizi-per-il-cittadino-italiano\/emergency-travel-documents-etd\/\">Documento di viaggio provvisorio<\/a>\u201d.<\/p>\n<section id=\"section8\"><span style=\"color: #808000;\"><strong>8. VALIDIT\u00c0 DEL PASSAPORTO<\/strong><\/span><\/section>\n<p>La validit\u00e0 del passaporto italiano dipende dall\u2019et\u00e0 del titolare\u00a0nel giorno del rilascio:<\/p>\n<ul>\n<li><span style=\"text-decoration: underline;\">adulti<\/span>: 10 anni;<\/li>\n<li><span style=\"text-decoration: underline;\">minori fra 3 a 18 anni<\/span>: 5 anni;<\/li>\n<li><span style=\"text-decoration: underline;\">minori di et\u00e0 inferiore a 3 anni<\/span>: 3 anni.<\/li>\n<\/ul>\n<section id=\"section9\"><strong><span style=\"color: #808000;\">9. RILASCIO DEL PASSAPORTO A GENITORI DI FIGLI MINORENNI<\/span><\/strong><\/section>\n<p>Dal 14 giugno 2023, per ottenere il passaporto, i richiedenti che abbiano\u00a0figli minorenni <strong>non devono<\/strong> pi\u00f9 presentare un atto d&#8217;assenso firmato dall&#8217;altro genitore.<\/p>\n<section id=\"section10\"><strong><span style=\"color: #808000;\">10. RILASCIO DEL PASSAPORTO A MINORENNI<\/span><\/strong><\/section>\n<p>All\u2019appuntamento devono presentarsi in Consolato, insieme a entrambi i genitori (muniti di valido documento d&#8217;identit\u00e0), tutti i <strong>minori di qualunque et\u00e0, incluso i neonati<\/strong>. <strong>Il genitore italiano (o cittadino UE) che non potesse presentarsi in Consolato<\/strong> per firmare congiuntamente la richiesta di passaporto, deve presentare l&#8217;<a href=\"https:\/\/consperth.esteri.it\/wp-content\/uploads\/2023\/07\/2023-assenso-genitoriale.pdf\"><strong>atto d&#8217;assenso<\/strong><\/a>, debitamente compilato e firmato (vedi sezione sotto).<strong>Per passaporti rilasciati a minori di anni dieci occorre portare con s\u00e9 una fototessera del bambino\/a <span style=\"text-decoration: underline;\">su sfondo esclusivamente bianco,<\/span> <a href=\"https:\/\/www.esteri.it\/it\/servizi-consolari-e-visti\/italiani-all-estero\/documenti_di_viaggio\/linee-guida-foto-icao\/\">secondo la normativa ICAO<\/a>. <\/strong><strong>ATTENZIONE<\/strong>: se il minore \u00e8 nato in Australia ed il certificato di nascita non \u00e8 ancora stato consegnato al Consolato per la trascrizione in Italia, <strong>prima<\/strong>\u00a0di richiedere il passaporto i genitori devono presentare al Consolato detto certificato\u00a0<strong>in originale<\/strong>, legalizzato a mezzo di\u00a0<a href=\"https:\/\/www.dfat.gov.au\/about-us\/our-services\/apostilles-authentications-certificates-of-no-impediment-to-marriage\/Pages\/apostilles-authentications-and-certificates-of-no-impediment-to-marriage\"><em>apost\u00eclle<\/em>\u00a0<\/a>e tradotto in italiano da un traduttore certificato <strong><a href=\"http:\/\/www.naati.com.au\/\">NAATI<\/a><\/strong>\u00a0(cfr. le informazioni presenti nella sezione\u00a0<a href=\"https:\/\/consperth.esteri.it\/it\/servizi-consolari-e-visti\/servizi-per-il-cittadino-italiano\/stato-civile\/nascita\/\"><strong>STATO CIVILE<\/strong><\/a>\u00a0di questo sito).<\/p>\n<p>Si precisa che <span style=\"text-decoration: underline;\"><strong>non \u00e8 possibile registrare la nascita ed ottenere il passaporto del minore durante lo stesso appuntamento<\/strong><\/span>. La documentazione relativa alla registrazione della nascita deve essere\u00a0 stata gi\u00e0 presentata con ampio anticipo (almeno un mese), prima di poter richiedere l&#8217;appuntamento per il rilascio del passaporto.<\/p>\n<p>Per la registrazione di minori nati in Paesi terzi, si raccomanda di consultare il sito dell&#8217;Ambasciata\/Consolato d\u2019Italia competente in base al luogo di nascita. Qualora il minore sia in possesso di <strong>ulteriori cittadinanze<\/strong>, alla richiesta dovr\u00e0 essere allegata una fotocopia di ciascun passaporto di cui il minore \u00e8 titolare.<\/p>\n<p><span style=\"color: #ff0000;\"><strong><u>IMPORTANTE: Tutti i minori che richiedono il passaporto devono essere presenti il giorno dell\u2019appuntamento (anche i neonati)<\/u><\/strong>.<\/span><\/p>\n<section id=\"section11\"><span style=\"color: #808000;\"><strong>11. ATTO DI ASSENSO<\/strong><\/span><\/section>\n<p>L&#8217;<a href=\"https:\/\/consperth.esteri.it\/wp-content\/uploads\/2023\/07\/2023-assenso-genitoriale.pdf\"><strong>atto d&#8217;assenso<\/strong><\/a> \u00e8 necessario per la richiesta di passaporto di minorenni.Le modalit\u00e0 di acquisizione dell&#8217;assenso dipendono dalle circostanze di chi lo rilascia:<\/p>\n<ol>\n<li><strong>Genitori italiani e cittadini di altri Stati appartenenti all&#8217;UE<\/strong>: <span style=\"text-decoration: underline;\">l&#8217;atto di assenso dell&#8217;altro genitore si consegna semplicemente al funzionario allo sportello<\/span>, insieme a fotocopia di documento d\u2019identit\u00e0 con firma chiaramente visibile.<\/li>\n<li><strong>Genitori cittadini di Paesi extra-UE<\/strong>: l&#8217;atto di assenso va firmato <span style=\"text-decoration: underline;\">di persona<\/span> dall&#8217;altro genitore <span style=\"text-decoration: underline;\">allo sportello del Consolato.<\/span> Coloro che non possono firmare l&#8217;assenso in Consolato hanno la facolt\u00e0 di firmare l&#8217;atto d&#8217;assenso davanti a un qualsiasi notaio australiano, che provveder\u00e0 all&#8217;autentica della loro firma apponendo il proprio sigillo notarile. Il documento con la firma ed il sigillo del notaio dovr\u00e0 poi essere fatto autenticare dal <strong><a href=\"https:\/\/dfat.gov.au\/about-us\/our-services\/apostilles-authentications-certificates-of-no-impediment-to-marriage\/Pages\/apostilles-authentications-and-certificates-of-no-impediment-to-marriage.aspx\">DFAT<\/a><\/strong>\u00a0mediante apposizione di\u00a0<em>apost\u00eclle.<\/em> Solo a quel punto, <strong>e non prima<\/strong>, potr\u00e0 essere validamente presentato in Consolato. Se l\u2019altro genitore cittadino extra-UE si trovasse, anche in via temporanea, in Italia o in Paesi terzi, l&#8217;atto d&#8217;assenso deve esserci inviato <strong>a mezzo PEC<\/strong> (Posta Elettronica Certificata), <strong>prima della restante documentazione<\/strong>, esclusivamente con le seguenti modalit\u00e0: a) se dall&#8217;Italia, tramite la Questura di zona; b) se da Paesi terzi, tramite la nostra Ambasciata o Consolato competente per territorio. Qualora l&#8217;atto di assenso venga depositato presso questo Consolato, trovandosi il genitore che rilascia l&#8217;atto di assenso a qualsiasi titolo in Australia Occidentale mentre il passaporto in favore del figlio sia in fase di rilascio <strong>in Italia o presso altra Rappresentanza diplomatico-consolare<\/strong>, detto genitore dovr\u00e0 attenersi a quanto indicato al precedente punto 1, dopodich\u00e9 questo Consolato invier\u00e0 immediatamente l&#8217;atto di assenso a mezzo PEC alla Questura o Rappresentanza del caso, in base alla richiesta del connazionale.<\/li>\n<\/ol>\n<p>Se uno dei genitori \u00e8 deceduto, \u00e8 necessario esibire il relativo\u00a0<strong>certificato di morte originale<\/strong>, non sono accettabili copie di nessun tipo.<\/p>\n<section id=\"section12\"><span style=\"color: #808000;\"><strong data-start=\"0\" data-end=\"58\">12. DICHIARAZIONE DI ACCOMPAGNAMENTO PER MINORI DI <\/strong><strong data-start=\"0\" data-end=\"58\">ANNI <\/strong><strong data-start=\"0\" data-end=\"58\">14.<\/strong><\/span><\/section>\n<p data-start=\"60\" data-end=\"425\">I cittadini italiani di et\u00e0 inferiore ai 14 anni che intendono viaggiare all&#8217;estero con passaporto italiano senza essere accompagnati da almeno uno dei genitori devono prima ottenere una dichiarazione di assenso da parte di questo Consolato, che autorizzi il minore a viaggiare sotto la tutela di una terza persona, di un ente o del personale della compagnia aerea.<\/p>\n<p data-start=\"427\" data-end=\"664\" data-is-last-node=\"\" data-is-only-node=\"\">La dichiarazione di assenso deve essere richiesta dai genitori del minore via email (<a class=\"cursor-pointer\" rel=\"noopener\" data-start=\"512\" data-end=\"538\">perth.passaporti@esteri.it<\/a>), allegando il<a href=\"https:\/\/consperth.esteri.it\/wp-content\/uploads\/2023\/04\/Dichiarazione_accompagnamento.docx\" target=\"_blank\" rel=\"noopener\"> modulo di richiesta<\/a> e una copia dei loro passaporti italiani o di altro documento di identit\u00e0 valido con foto.<\/p>\n<section id=\"section13\"><span style=\"color: #808000;\"><strong>13. SE NON E&#8217; POSSIBILE IL RILASCIO DEL PASSAPORTO:<\/strong><\/span><\/section>\n<p data-start=\"427\" data-end=\"664\" data-is-last-node=\"\" data-is-only-node=\"\">Se non \u00e8 possibile rilasciare il passaporto, un&#8217; altra opzione pu\u00f2 essere l&#8217; <a href=\"https:\/\/consperth.esteri.it\/it\/servizi-consolari-e-visti\/servizi-per-il-cittadino-italiano\/emergency-travel-documents-etd\/\" target=\"_blank\" rel=\"noopener\">ETD<\/a>.<\/p>\n<section id=\"section14\"><span style=\"color: #808000;\"><strong>14. RICONOSCIMENTO DELLA CITTADINANZA<\/strong><\/span><\/section>\n<p>Si ricorda che il passaporto italiano pu\u00f2 essere rilasciato <span style=\"text-decoration: underline;\">solo<\/span> a richiedenti che siano gi\u00e0\u00a0in possesso della cittadinanza italiana.Prima di richiedere un appuntamento per il rilascio del passaporto, si suggerisce pertanto a tutti gli interessati di verificare il proprio diritto alla cittadinanza leggendo attentamente le apposite FAQ contenute <a href=\"https:\/\/consperth.esteri.it\/it\/servizi-consolari-e-visti\/servizi-per-il-cittadino-straniero\/cittadinanza\/cittadinanza-per-discendenza\/\"><strong>QUI<\/strong><\/a>.<\/p>\n","protected":false},"excerpt":{"rendered":"In questa pagina: RILASCIO DEL PASSAPORTO AI CONNAZIONALI RESIDENTI IN AUSTRALIA OCCIDENTALE RILASCIO DEL PASSAPORTO AI CONNAZIONALI NON RESIDENTI IN AUSTRALIA OCCIDENTALE RILASCIO DEL PASSAPORTO: POSSIBILI IMPEDIMENTI E TEMPISTICA COME SI OTTIENE IL RILASCIO DEL PASSAPORTO DOCUMENTI NECESSARI QUANDO RICHIEDERE IL PASSAPORTO FURTO O SMARRIMENTO DEL PASSAPORTO ALL&#8217;ESTERO E DOCUMENTI DI VIAGGIO PROVVISORI VALIDIT\u00c0 DEL [&hellip;]","protected":false},"author":1,"featured_media":0,"parent":46,"menu_order":7,"comment_status":"closed","ping_status":"closed","template":"","meta":{"footnotes":""},"class_list":["post-143","page","type-page","status-publish","hentry"],"_links":{"self":[{"href":"https:\/\/consperth.esteri.it\/it\/wp-json\/wp\/v2\/pages\/143","targetHints":{"allow":["GET"]}}],"collection":[{"href":"https:\/\/consperth.esteri.it\/it\/wp-json\/wp\/v2\/pages"}],"about":[{"href":"https:\/\/consperth.esteri.it\/it\/wp-json\/wp\/v2\/types\/page"}],"author":[{"embeddable":true,"href":"https:\/\/consperth.esteri.it\/it\/wp-json\/wp\/v2\/users\/1"}],"replies":[{"embeddable":true,"href":"https:\/\/consperth.esteri.it\/it\/wp-json\/wp\/v2\/comments?post=143"}],"version-history":[{"count":6,"href":"https:\/\/consperth.esteri.it\/it\/wp-json\/wp\/v2\/pages\/143\/revisions"}],"predecessor-version":[{"id":4515,"href":"https:\/\/consperth.esteri.it\/it\/wp-json\/wp\/v2\/pages\/143\/revisions\/4515"}],"up":[{"embeddable":true,"href":"https:\/\/consperth.esteri.it\/it\/wp-json\/wp\/v2\/pages\/46"}],"wp:attachment":[{"href":"https:\/\/consperth.esteri.it\/it\/wp-json\/wp\/v2\/media?parent=143"}],"curies":[{"name":"wp","href":"https:\/\/api.w.org\/{rel}","templated":true}]}}