{"id":1373,"date":"2023-09-07T18:20:06","date_gmt":"2023-09-07T10:20:06","guid":{"rendered":"https:\/\/consperth.esteri.it\/?page_id=1373"},"modified":"2024-02-25T17:52:23","modified_gmt":"2024-02-25T09:52:23","slug":"carta-didentita-elettronica-cie","status":"publish","type":"page","link":"https:\/\/consperth.esteri.it\/it\/servizi-consolari-e-visti\/servizi-per-il-cittadino-italiano\/carta-didentita-elettronica-cie\/","title":{"rendered":"Carta d\u2019identit\u00e0 elettronica \u2013 CIE"},"content":{"rendered":"<p><strong>Carta d\u2019identit\u00e0 elettronica \u2013 CIE<\/strong><\/p>\n<p><strong>Da ottobre \u00a02023 questo Consolato \u00a0potr\u00e0 rilasciare la Carta d\u2019Identit\u00e0 Elettronica (CIE).<\/strong><\/p>\n<p>La nuova Carta di identit\u00e0 Elettronica \u00e8 un documento multifunzionale: attesta l\u2019identit\u00e0 del cittadino, riporta il codice fiscale e si pu\u00f2 utilizzare per richiedere un\u2019identit\u00e0 sul sistema SPID (Sistema Pubblico di Identit\u00e0 Digitale) con cui accedere ai Servizi erogati dalle Pubbliche Amministrazioni Italiane.<\/p>\n<p>La\u00a0 CIE equivale al passaporto ai fini dell\u2019espatrio tuttavia solo negli Stati membri dell\u2019Unione europea, negli Stati dello Spazio Schengen (UE + Islanda, Norvegia, Svizzera, Liechtenstein) e in quelli in cui vigono particolari accordi internazionali.\u00a0 Al riguardo, per ulteriori e pi\u00f9 dettagliate informazioni, \u00e8 possibile consultare il sito\u00a0<a href=\"https:\/\/www.viaggiaresicuri.it\/approfondimenti-insights\/documentidiviaggio\">https:\/\/www.viaggiaresicuri.it\/approfondimenti-insights\/documentidiviaggio<\/a><\/p>\n<p><strong><u>La CIE potr\u00e0 essere rilasciata esclusivamente ai cittadini italiani regolarmente residenti in Western Australia, che siano gi\u00e0 registrati nello schedario consolare e i cui dati anagrafici siano gi\u00e0 presenti nella banca dati A.I.R.E (Anagrafe degli Italiani Residenti all\u2019Estero).<\/u><\/strong><\/p>\n<p>La CIE\u00a0<strong>non\u00a0<\/strong>\u00e8\u00a0rilasciata a vista il giorno dell\u2019appuntamento ma viene prodotta dall\u2019Istituto Poligrafico e Zecca dello Stato di Roma e successivamente spedita dall\u2019Italia, a mezzo posta, presso l\u2019indirizzo di residenza (o recapito) dichiarato dal richiedente.<\/p>\n<p><strong>La nuova Carta di identit\u00e0 elettronica si pu\u00f2 richiedere, previo appuntamento, tramite la piattaforma di prenotazione<\/strong>\u00a0 <a href=\"https:\/\/prenotami.esteri.it\/\"><u>PRENOT@MI<\/u>.<\/a><\/p>\n<p><strong>A) REQUISITI OBBLIGATORI PER RICHIEDERE LA CARTA D\u2019IDENTITA\u2019 ELETTRONICA:<\/strong><\/p>\n<p>Ai fini dell\u2019emissione della CIE \u00e8 indispensabile che il richiedente:<\/p>\n<ol>\n<li><strong>sia iscritto all\u2019AIRE e il suo nominativo sia inserito nell\u2019apposito applicativo da parte del comune italiano di riferimento; <\/strong>Per maggiori informazioni cliccare <a href=\"https:\/\/consperth.esteri.it\/it\/servizi-consolari-e-visti\/servizi-per-il-cittadino-italiano\/anagrafe-degli-italiani-residenti-allestero-aire\/\">QUI<\/a>:<\/li>\n<li><strong>abbia l\u2019atto di nascita trascritto in Italia, in quanto gli estremi della trascrizione devono essere riportati sulla CIE; <\/strong>Per maggiori informazioni cliccare <a href=\"https:\/\/consperth.esteri.it\/it\/servizi-consolari-e-visti\/servizi-per-il-cittadino-italiano\/stato-civile\/nascita\/\">QUI<\/a>:<\/li>\n<li>\u00a0 <strong>abbia il Codice Fiscale validato da parte dell\u2019Agenzia delle Entrate e del comune italiano di riferimento.\u00a0 P<\/strong><strong>er chi\u00a0 non \u00e8 in possesso del Codice fiscale sar\u00e0 cura di questo Consolato richiederlo d\u2019ufficio; <\/strong>Per maggiori\u00a0 informazioni cliccare <a href=\"https:\/\/consperth.esteri.it\/it\/servizi-consolari-e-visti\/servizi-per-il-cittadino-italiano\/codice-fiscale\/\">QUI<\/a>:<\/li>\n<li><strong>abbia aggiornato la sua posizione negli schedari consolari nel caso di cambio d\u2019indirizzo, variazione dello stato civile o nascita di figli.<\/strong> In questo casi, <strong><u>prima di richiedere un appuntamento per la carta d\u2019identit\u00e0<\/u><\/strong>, sar\u00e0 necessario completare l\u2019aggiornamento seguendo la procedura indicata per ciascun servizio <a href=\"https:\/\/consperth.esteri.it\/it\/servizi-consolari-e-visti\/\">nelle relative sezioni del nostro sito<\/a>.<\/li>\n<\/ol>\n<p><strong>B) VALIDIT\u00c0 DELLA CARTA D\u2019IDENTIT\u00c0 ELETTRONICA:<\/strong><\/p>\n<p>La validit\u00e0 della CIE varia a seconda all\u2019et\u00e0 del titolare:<\/p>\n<p>\u2013 3 anni per minori di et\u00e0 inferiore a 3 anni;<br \/>\n\u2013 5 anni per i minori di et\u00e0 compresa tra i 3 e i 18 anni;<br \/>\n\u2013 10 anni per i maggiorenni.<\/p>\n<p><strong>C) MODALIT\u00c0 DI RICHIESTA DELLA CARTA D\u2019IDENTIT\u00c0 ELETTRONICA:<\/strong><\/p>\n<p>Per richiedere il rilascio della carta d\u2019identit\u00e0 elettronica \u00e8 necessario prenotare un appuntamento utilizzando la piattaforma\u00a0<a href=\"https:\/\/prenotami.esteri.it\/\">Prenot@mi<\/a>.<\/p>\n<p>Sulla piattaforma\u00a0<a href=\"https:\/\/prenotami.esteri.it\/\">Prenot@mi<\/a>\u00a0\u00e8 possibile effettuare una prenotazione singola oppure una prenotazione multipla da un unico account (\u00e8 possibile inserire\u00a0al massimo un richiedente aggiuntivo). Quando un genitore desidera prendere un\u00a0appuntamento per il figlio minorenne (sia in caso di prenotazione singola che multipla), \u00e8 pregato di compilare il formulario a nome del\u00a0figlio.<\/p>\n<p><strong>Prima di accedere al calendario del servizio CIE e scegliere la prima data utile, \u00e8 necessario compilare i campi obbligatori (contrassegnati con *) del formulario proposto dal sistema.<\/strong><\/p>\n<p>Si prega di inserire i DATI RELATIVI ALL\u2019INTESTATARIO del documento richiesto, se diversi dall\u2019utente\u00a0registrato.<\/p>\n<p><strong>Per le donne coniugate<\/strong>:\u00a0<strong>inserire le generalit\u00e0 anagrafiche da nubile. Sulla Carta d\u2019identit\u00e0 elettronica non \u00e8 indicato lo stato civile del titolare e, per le donne coniugate, NON pu\u00f2 essere indicato il nome o cognome del coniuge.<\/strong><\/p>\n<p>Dal momento della richiesta alla data fissata per l\u2019appuntamento trascorrono\u00a0<strong>almeno 15 giorni<\/strong>, necessari per consentire all\u2019ufficio consolare di effettuare il controllo dei dati anagrafici, risolvere eventuali disallineamenti e verificare che non sussistano cause ostative al rilascio del documento.<\/p>\n<p><strong>ATTENZIONE: Nel caso in cui, a seguito delle verifiche, emergessero elementi ostativi al rilascio della CIE, sar\u00e0 cura di questo Consolato informarne l\u2019interessato anche ai fini della cancellazione dell\u2019appuntamento.<\/strong><\/p>\n<p><strong>La presenza del richiedente e\/o del titolare della carta richiesta \u00e8 obbligatoria al momento dell\u2019appuntamento.<\/strong><\/p>\n<p>Il giorno dell\u2019appuntamento in Consolato, infatti, saranno acquisiti i dati biometrici e verr\u00e0 validato il dossier.<\/p>\n<p><strong>D) DOCUMENTAZIONE RICHIESTA PER IL RILASCIO DELLA CARTA D\u2019IDENTIT\u00c0 ELETTRONICA:<\/strong><\/p>\n<p>\u2013\u00a0\u00a0\u00a0\u00a0\u00a0\u00a0\u00a0\u00a0\u00a0 Una fototessera a norma biometrica;<\/p>\n<p>\u2013\u00a0 \u00a0\u00a0 \u00a0 \u00a0\u00a0 Precedente carta di identit\u00e0 (anche se scaduta) oppure;<\/p>\n<p>\u2013\u00a0\u00a0\u00a0\u00a0\u00a0\u00a0\u00a0\u00a0\u00a0 Documento di riconoscimento (anche se scaduto);<\/p>\n<p>\u2013\u00a0\u00a0\u00a0\u00a0\u00a0\u00a0\u00a0\u00a0\u00a0\u00a0<strong><u>Atto di<\/u><span style=\"text-decoration: underline;\"> assenso<\/span><span style=\"text-decoration: underline;\"> di entrambi genitori<\/span><\/strong> nel caso in cui il richiedente sia un minore di 18 anni;<\/p>\n<p>\u2013\u00a0\u00a0\u00a0\u00a0\u00a0\u00a0\u00a0\u00a0\u00a0 Prova dell\u2019indirizzo di residenza in Western Australia.<\/p>\n<p>L\u2019ammontare del costo della CIE potr\u00e0 essere consultato sul <a href=\"https:\/\/consperth.esteri.it\/it\/servizi-consolari-e-visti\/servizi-per-il-cittadino-italiano\/tariffario\/\">tariffario dei servizi consolari<\/a> aggiornato pubblicato sul sito del Consolato.<\/p>\n<p>Per RILASCIO si intende la prima emissione della CIE.<br \/>\nPer RINNOVO si intende il rilascio di una nuova CIE in sostituzione della precedente CIE scaduta.<br \/>\nPer\u00a0DUPLICATO\u00a0si intende il rilascio di una nuova CIE in sostituzione della precedente CIE nei casi in cui venga smarrita, rubata, deteriorata o richiesta\u00a0prima\u00a0dei 180 giorni dalla scadenza.<\/p>\n<p><strong>E) SPEDIZIONE DELLA CARTA D\u2019IDENTIT\u00c0 ELETTRONICA:<\/strong><\/p>\n<p><span style=\"text-decoration: underline;\">La CIE non \u00e8 rilasciata il giorno dell\u2019appuntamento<\/span>: sar\u00e0 inviata dall\u2019Italia tramite raccomandata, a cura dell\u2019Istituto Poligrafico e Zecca dello Stato, direttamente all\u2019indirizzo prescelto dal richiedente, circa 15 giorni dopo la data dell\u2019appuntamento in Consolato e\/o dal perfezionamento della richiesta. Il richiedente potr\u00e0 verificare il tracciamento della spedizione sul sito di Poste italiane\u00a0<a href=\"https:\/\/www.poste.it\/prodotti\/raccomandata.html\">https:\/\/www.poste.it\/prodotti\/raccomandata.html<\/a>: cliccare su \u201cCerca spedizioni\u201d e inserire il numero di raccomandata fornito<\/p>\n<p>Si invitano i connazionali che hanno richiesto la CIE ad accertarsi che il proprio cognome di nascita appaia sulla buca delle lettere (cognome da nubile per le donne sposate).<\/p>\n<p>In caso di mancata consegna per indirizzo errato, \u00e8 prevista una giacenza di 30 giorni presso l\u2019ufficio postale locale. Al termine di questo periodo il plico verr\u00e0 restituito al Consolato che contatter\u00e0 il connazionale per il ritiro.<\/p>\n<p>Per eventuali ulteriori informazioni \u00e8 possibile inviare una email a perth.passaporti@esteri.it<\/p>\n","protected":false},"excerpt":{"rendered":"Carta d\u2019identit\u00e0 elettronica \u2013 CIE Da ottobre \u00a02023 questo Consolato \u00a0potr\u00e0 rilasciare la Carta d\u2019Identit\u00e0 Elettronica (CIE). La nuova Carta di identit\u00e0 Elettronica \u00e8 un documento multifunzionale: attesta l\u2019identit\u00e0 del cittadino, riporta il codice fiscale e si pu\u00f2 utilizzare per richiedere un\u2019identit\u00e0 sul sistema SPID (Sistema Pubblico di Identit\u00e0 Digitale) con cui accedere ai Servizi [&hellip;]","protected":false},"author":7,"featured_media":0,"parent":46,"menu_order":3,"comment_status":"closed","ping_status":"closed","template":"","meta":{"footnotes":""},"class_list":["post-1373","page","type-page","status-publish","hentry"],"_links":{"self":[{"href":"https:\/\/consperth.esteri.it\/it\/wp-json\/wp\/v2\/pages\/1373","targetHints":{"allow":["GET"]}}],"collection":[{"href":"https:\/\/consperth.esteri.it\/it\/wp-json\/wp\/v2\/pages"}],"about":[{"href":"https:\/\/consperth.esteri.it\/it\/wp-json\/wp\/v2\/types\/page"}],"author":[{"embeddable":true,"href":"https:\/\/consperth.esteri.it\/it\/wp-json\/wp\/v2\/users\/7"}],"replies":[{"embeddable":true,"href":"https:\/\/consperth.esteri.it\/it\/wp-json\/wp\/v2\/comments?post=1373"}],"version-history":[{"count":6,"href":"https:\/\/consperth.esteri.it\/it\/wp-json\/wp\/v2\/pages\/1373\/revisions"}],"predecessor-version":[{"id":2183,"href":"https:\/\/consperth.esteri.it\/it\/wp-json\/wp\/v2\/pages\/1373\/revisions\/2183"}],"up":[{"embeddable":true,"href":"https:\/\/consperth.esteri.it\/it\/wp-json\/wp\/v2\/pages\/46"}],"wp:attachment":[{"href":"https:\/\/consperth.esteri.it\/it\/wp-json\/wp\/v2\/media?parent=1373"}],"curies":[{"name":"wp","href":"https:\/\/api.w.org\/{rel}","templated":true}]}}